{"id":1168,"date":"2025-08-27T19:48:52","date_gmt":"2025-08-27T17:48:52","guid":{"rendered":"https:\/\/gycperu.com\/web?page_id=1168"},"modified":"2026-01-19T23:40:43","modified_gmt":"2026-01-19T22:40:43","slug":"galeria-audiovisual","status":"publish","type":"page","link":"https:\/\/gycperu.com\/web\/gc-salud\/medios\/galeria-audiovisual\/","title":{"rendered":"Galer\u00eda Audiovisual"},"content":{"rendered":"\t\t<div data-elementor-type=\"wp-page\" data-elementor-id=\"1168\" class=\"elementor elementor-1168\" data-elementor-settings=\"{&quot;ha_cmc_init_switcher&quot;:&quot;no&quot;}\" data-elementor-post-type=\"page\">\r\n\t\t\t\t<div class=\"elementor-element elementor-element-3ff728d e-con-full e-flex e-con e-parent\" data-id=\"3ff728d\" data-element_type=\"container\" data-settings=\"{&quot;_ha_eqh_enable&quot;:false}\">\r\n\t\t<div class=\"elementor-element elementor-element-6902795 e-con-full e-flex e-con e-child\" data-id=\"6902795\" data-element_type=\"container\" data-settings=\"{&quot;_ha_eqh_enable&quot;:false}\">\r\n\t\t<div class=\"elementor-element elementor-element-2ded80f e-con-full e-flex e-con e-child\" data-id=\"2ded80f\" data-element_type=\"container\" data-settings=\"{&quot;_ha_eqh_enable&quot;:false}\">\r\n\t\t\t\t<div class=\"elementor-element elementor-element-7cac887 elementor-view-default elementor-widget elementor-widget-icon\" data-id=\"7cac887\" data-element_type=\"widget\" data-widget_type=\"icon.default\">\r\n\t\t\t\t\t\t\t<div class=\"elementor-icon-wrapper\">\r\n\t\t\t<a class=\"elementor-icon\" href=\"\/gc-salud\/medios\/\">\r\n\t\t\t<svg xmlns=\"http:\/\/www.w3.org\/2000\/svg\" width=\"18\" height=\"16\" viewBox=\"0 0 18 16\" fill=\"none\"><path fill-rule=\"evenodd\" clip-rule=\"evenodd\" d=\"M9.233 0.454505C9.67233 0.893845 9.67233 1.60616 9.233 2.0455L3.27849 8L9.233 13.9545C9.67233 14.3938 9.67233 15.1062 9.233 15.5455C8.79366 15.9848 8.08134 15.9848 7.642 15.5455L0.892005 8.7955C0.452665 8.35616 0.452665 7.64384 0.892005 7.2045L7.642 0.454505C8.08134 0.015165 8.79366 0.015165 9.233 0.454505Z\" fill=\"#486284\"><\/path><path fill-rule=\"evenodd\" clip-rule=\"evenodd\" d=\"M1.5 8C1.5 7.37868 2.00368 6.875 2.625 6.875H16.3125C16.9338 6.875 17.4375 7.37868 17.4375 8C17.4375 8.62132 16.9338 9.125 16.3125 9.125H2.625C2.00368 9.125 1.5 8.62132 1.5 8Z\" fill=\"#486284\"><\/path><\/svg>\t\t\t<\/a>\r\n\t\t<\/div>\r\n\t\t\t\t\t\t<\/div>\r\n\t\t\t\t<div class=\"elementor-element elementor-element-36e7d6c elementor-widget elementor-widget-heading\" data-id=\"36e7d6c\" data-element_type=\"widget\" data-widget_type=\"heading.default\">\r\n\t\t\t\t\t<h2 class=\"elementor-heading-title elementor-size-default\"><a href=\"\/gc-salud\/medios\/\">Volver<\/a><\/h2>\t\t\t\t<\/div>\r\n\t\t\t\t<\/div>\r\n\t\t\t\t<div class=\"elementor-element elementor-element-bf8081e elementor-widget elementor-widget-heading\" data-id=\"bf8081e\" data-element_type=\"widget\" data-widget_type=\"heading.default\">\r\n\t\t\t\t\t<h2 class=\"elementor-heading-title elementor-size-default\">Galer\u00eda Audiovisual<\/h2>\t\t\t\t<\/div>\r\n\t\t<div class=\"elementor-element elementor-element-4772192 e-con-full e-flex e-con e-child\" data-id=\"4772192\" data-element_type=\"container\" data-settings=\"{&quot;_ha_eqh_enable&quot;:false}\">\r\n\t\t\t\t<div class=\"elementor-element elementor-element-3d71dfe date-filter elementor-widget elementor-widget-jet-smart-filters-date-period\" data-id=\"3d71dfe\" data-element_type=\"widget\" data-widget_type=\"jet-smart-filters-date-period.default\">\r\n\t\t\t\t<div class=\"elementor-widget-container\">\r\n\t\t\t\t\t<div class=\"jet-smart-filters-date-period jet-filter \" data-indexer-rule=\"show\" data-show-counter=\"\" data-change-counter=\"always\"><div class=\"jet-date-period button-icon-position-left\" data-query-type=\"date_query\" data-query-var=\"\" data-smart-filter=\"date-period\" data-filter-id=\"1230\" data-apply-type=\"ajax\" data-content-provider=\"jet-engine\" data-additional-providers=\"\" data-query-id=\"list_videos\" data-active-label=\"\" data-layout-options=\"{&quot;show_label&quot;:&quot;&quot;,&quot;display_options&quot;:{&quot;show_items_label&quot;:false,&quot;show_decorator&quot;:false,&quot;filter_image_size&quot;:&quot;full&quot;,&quot;show_counter&quot;:false}}\" data-query-var-suffix=\"date\" data-apply-on=\"value\" data-period-type=\"year\">\r\n\t<div class=\"jet-date-period__wrapper\">\r\n\t\t<div class=\"jet-date-period__prev\" ><svg width=\"21\" height=\"28\" viewBox=\"0 0 21 28\" xmlns=\"http:\/\/www.w3.org\/2000\/svg\">\r\n\t<path d=\"M18.297 4.703l-8.297 8.297 8.297 8.297c0.391 0.391 0.391 1.016 0 1.406l-2.594 2.594c-0.391 0.391-1.016 0.391-1.406 0l-11.594-11.594c-0.391-0.391-0.391-1.016 0-1.406l11.594-11.594c0.391-0.391 1.016-0.391 1.406 0l2.594 2.594c0.391 0.391 0.391 1.016 0 1.406z\"><\/path>\r\n<\/svg>\r\n<\/div>\r\n\t\t<div class=\"jet-date-period__datepicker date\">\r\n\t\t\t<div class=\"jet-date-period__datepicker-button input-group-addon\" >\r\n\t\t\t\tBuscar por a\u00f1o\t\t\t\t<svg width=\"18\" height=\"28\" viewBox=\"0 0 18 28\" xmlns=\"http:\/\/www.w3.org\/2000\/svg\">\r\n\t<path d=\"M16.797 11.5c0 0.125-0.063 0.266-0.156 0.359l-7.281 7.281c-0.094 0.094-0.234 0.156-0.359 0.156s-0.266-0.063-0.359-0.156l-7.281-7.281c-0.094-0.094-0.156-0.234-0.156-0.359s0.063-0.266 0.156-0.359l0.781-0.781c0.094-0.094 0.219-0.156 0.359-0.156 0.125 0 0.266 0.063 0.359 0.156l6.141 6.141 6.141-6.141c0.094-0.094 0.234-0.156 0.359-0.156s0.266 0.063 0.359 0.156l0.781 0.781c0.094 0.094 0.156 0.234 0.156 0.359z\"><\/path>\r\n<\/svg>\r\n\t\t\t<\/div>\r\n\t\t\t<input\r\n\t\t\t\tclass=\"jet-date-period__datepicker-input\"\r\n\t\t\t\tname=\"\"\r\n\t\t\t\tvalue=\"\"\r\n\t\t\t\taria-label=\"Buscar por a\u00f1o\"\r\n\t\t\t\ttype=\"hidden\"\r\n\t\t\t\ttabindex=\"-1\"\r\n\t\t\t\tdata-format=\"yy\"\r\n\t\t\t\t\t\t\t\t\t\t\t\treadonly\r\n\t\t\t>\r\n\t\t<\/div>\r\n\t\t<div class=\"jet-date-period__next\" ><svg width=\"19\" height=\"28\" viewBox=\"0 0 19 28\" xmlns=\"http:\/\/www.w3.org\/2000\/svg\">\r\n\t<path d=\"M17.297 13.703l-11.594 11.594c-0.391 0.391-1.016 0.391-1.406 0l-2.594-2.594c-0.391-0.391-0.391-1.016 0-1.406l8.297-8.297-8.297-8.297c-0.391-0.391-0.391-1.016 0-1.406l2.594-2.594c0.391-0.391 1.016-0.391 1.406 0l11.594 11.594c0.391 0.391 0.391 1.016 0 1.406z\"><\/path>\r\n<\/svg>\r\n<\/div>\r\n\t<\/div>\r\n<\/div>\r\n<\/div>\t\t\t\t<\/div>\r\n\t\t\t\t<\/div>\r\n\t\t\t\t<div class=\"elementor-element elementor-element-a6981ac elementor-widget elementor-widget-jet-smart-filters-remove-filters hide-widget\" data-id=\"a6981ac\" data-element_type=\"widget\" data-widget_type=\"jet-smart-filters-remove-filters.default\">\r\n\t\t\t\t<div class=\"elementor-widget-container\">\r\n\t\t\t\t\t<div class=\"jet-smart-filters-remove-filters jet-filter\"><div class=\"jet-remove-all-filters hide\">\r\n\t<button\r\n\t\ttype=\"button\"\r\n\t\tclass=\"jet-remove-all-filters__button\"\r\n\t\tdata-content-provider=\"jet-engine\"\r\n\t\tdata-additional-providers=\"\"\r\n\t\tdata-apply-type=\"ajax\"\r\n\t\tdata-query-id=\"list_videos\"\r\n\t\t\t>\r\n\t\tLimpiar filtros\t<\/button>\r\n<\/div><\/div>\t\t\t\t<\/div>\r\n\t\t\t\t<\/div>\r\n\t\t\t\t<\/div>\r\n\t\t<div class=\"elementor-element elementor-element-18f7a12 e-con-full e-flex e-con e-child\" data-id=\"18f7a12\" data-element_type=\"container\" data-settings=\"{&quot;_ha_eqh_enable&quot;:false}\">\r\n\t\t\t\t<div class=\"elementor-element elementor-element-da6152f ha-advanced-tooltip-top ha-has-bg-overlay elementor-widget elementor-widget-jet-listing-grid\" data-id=\"da6152f\" data-element_type=\"widget\" id=\"list_videos\" data-settings=\"{&quot;columns&quot;:&quot;2&quot;,&quot;columns_mobile&quot;:&quot;1&quot;}\" data-widget_type=\"jet-listing-grid.default\">\r\n\t\t\t\t\t<div class=\"jet-listing-grid jet-listing\"><div class=\"jet-listing-grid__items grid-col-desk-2 grid-col-tablet-2 grid-col-mobile-1 jet-listing-grid--758\" data-queried-id=\"1168|WP_Post\" data-nav=\"{&quot;enabled&quot;:false,&quot;type&quot;:null,&quot;more_el&quot;:null,&quot;query&quot;:[],&quot;widget_settings&quot;:{&quot;lisitng_id&quot;:758,&quot;posts_num&quot;:6,&quot;columns&quot;:2,&quot;columns_tablet&quot;:2,&quot;columns_mobile&quot;:1,&quot;column_min_width&quot;:240,&quot;column_min_width_tablet&quot;:240,&quot;column_min_width_mobile&quot;:240,&quot;inline_columns_css&quot;:false,&quot;is_archive_template&quot;:&quot;&quot;,&quot;post_status&quot;:[&quot;publish&quot;],&quot;use_random_posts_num&quot;:&quot;&quot;,&quot;max_posts_num&quot;:9,&quot;not_found_message&quot;:&quot;No se encontraron videos en ese rango de a\\u00f1o.&quot;,&quot;is_masonry&quot;:false,&quot;equal_columns_height&quot;:&quot;&quot;,&quot;use_load_more&quot;:&quot;&quot;,&quot;load_more_id&quot;:&quot;&quot;,&quot;load_more_type&quot;:&quot;click&quot;,&quot;load_more_offset&quot;:{&quot;unit&quot;:&quot;px&quot;,&quot;size&quot;:0,&quot;sizes&quot;:[]},&quot;use_custom_post_types&quot;:&quot;&quot;,&quot;custom_post_types&quot;:[],&quot;hide_widget_if&quot;:&quot;&quot;,&quot;carousel_enabled&quot;:&quot;&quot;,&quot;slides_to_scroll&quot;:&quot;1&quot;,&quot;arrows&quot;:&quot;true&quot;,&quot;arrow_icon&quot;:&quot;fa fa-angle-left&quot;,&quot;dots&quot;:&quot;&quot;,&quot;autoplay&quot;:&quot;true&quot;,&quot;pause_on_hover&quot;:&quot;true&quot;,&quot;autoplay_speed&quot;:5000,&quot;infinite&quot;:&quot;true&quot;,&quot;center_mode&quot;:&quot;&quot;,&quot;effect&quot;:&quot;slide&quot;,&quot;speed&quot;:500,&quot;inject_alternative_items&quot;:&quot;&quot;,&quot;injection_items&quot;:[],&quot;scroll_slider_enabled&quot;:&quot;&quot;,&quot;scroll_slider_on&quot;:[&quot;desktop&quot;,&quot;tablet&quot;,&quot;mobile&quot;],&quot;custom_query&quot;:&quot;yes&quot;,&quot;custom_query_id&quot;:&quot;3&quot;,&quot;_element_id&quot;:&quot;list_videos&quot;,&quot;collapse_first_last_gap&quot;:false,&quot;list_tag_selection&quot;:&quot;&quot;,&quot;list_items_wrapper_tag&quot;:&quot;div&quot;,&quot;list_item_tag&quot;:&quot;div&quot;,&quot;empty_items_wrapper_tag&quot;:&quot;div&quot;}}\" data-page=\"1\" data-pages=\"1\" data-listing-source=\"query\" data-listing-id=\"758\" data-query-id=\"3\"><div class=\"jet-listing-grid__item jet-listing-dynamic-post-791\" data-post-id=\"791\"  >\t\t<div data-elementor-type=\"jet-listing-items\" data-elementor-id=\"758\" class=\"elementor elementor-758\" data-elementor-settings=\"{&quot;ha_cmc_init_switcher&quot;:&quot;no&quot;}\" data-elementor-post-type=\"jet-engine\">\r\n\t\t\t\t<div class=\"elementor-element elementor-element-79c0d44 e-con-full e-flex e-con e-parent\" data-id=\"79c0d44\" data-element_type=\"container\" data-settings=\"{&quot;_ha_eqh_enable&quot;:false}\">\r\n\t\t\t\t<div class=\"elementor-element elementor-element-c320f36 elementor-widget elementor-widget-video\" data-id=\"c320f36\" data-element_type=\"widget\" data-settings=\"{&quot;youtube_url&quot;:&quot;https:\\\/\\\/www.youtube.com\\\/watch?v=UroGSIOyUdI&quot;,&quot;video_type&quot;:&quot;youtube&quot;,&quot;controls&quot;:&quot;yes&quot;}\" data-widget_type=\"video.default\">\r\n\t\t\t\t\t\t\t<div class=\"elementor-wrapper elementor-open-inline\">\r\n\t\t\t<div class=\"elementor-video\"><\/div>\t\t<\/div>\r\n\t\t\t\t\t\t<\/div>\r\n\t\t\t\t<\/div>\r\n\t\t\t\t<\/div>\r\n\t\t<\/div><div class=\"jet-listing-grid__item jet-listing-dynamic-post-789\" data-post-id=\"789\"  >\t\t<div data-elementor-type=\"jet-listing-items\" data-elementor-id=\"758\" class=\"elementor elementor-758\" data-elementor-settings=\"{&quot;ha_cmc_init_switcher&quot;:&quot;no&quot;}\" data-elementor-post-type=\"jet-engine\">\r\n\t\t\t\t<div class=\"elementor-element elementor-element-79c0d44 e-con-full e-flex e-con e-parent\" data-id=\"79c0d44\" data-element_type=\"container\" data-settings=\"{&quot;_ha_eqh_enable&quot;:false}\">\r\n\t\t\t\t<div class=\"elementor-element elementor-element-c320f36 elementor-widget elementor-widget-video\" data-id=\"c320f36\" data-element_type=\"widget\" data-settings=\"{&quot;youtube_url&quot;:&quot;https:\\\/\\\/www.youtube.com\\\/watch?v=UroGSIOyUdI&quot;,&quot;video_type&quot;:&quot;youtube&quot;,&quot;controls&quot;:&quot;yes&quot;}\" data-widget_type=\"video.default\">\r\n\t\t\t\t\t\t\t<div class=\"elementor-wrapper elementor-open-inline\">\r\n\t\t\t<div class=\"elementor-video\"><\/div>\t\t<\/div>\r\n\t\t\t\t\t\t<\/div>\r\n\t\t\t\t<\/div>\r\n\t\t\t\t<\/div>\r\n\t\t<\/div><div class=\"jet-listing-grid__item jet-listing-dynamic-post-786\" data-post-id=\"786\"  >\t\t<div data-elementor-type=\"jet-listing-items\" data-elementor-id=\"758\" class=\"elementor elementor-758\" data-elementor-settings=\"{&quot;ha_cmc_init_switcher&quot;:&quot;no&quot;}\" data-elementor-post-type=\"jet-engine\">\r\n\t\t\t\t<div class=\"elementor-element elementor-element-79c0d44 e-con-full e-flex e-con e-parent\" data-id=\"79c0d44\" data-element_type=\"container\" data-settings=\"{&quot;_ha_eqh_enable&quot;:false}\">\r\n\t\t\t\t<div class=\"elementor-element elementor-element-c320f36 elementor-widget elementor-widget-video\" data-id=\"c320f36\" data-element_type=\"widget\" data-settings=\"{&quot;youtube_url&quot;:&quot;https:\\\/\\\/www.youtube.com\\\/watch?v=UroGSIOyUdI&quot;,&quot;video_type&quot;:&quot;youtube&quot;,&quot;controls&quot;:&quot;yes&quot;}\" data-widget_type=\"video.default\">\r\n\t\t\t\t\t\t\t<div class=\"elementor-wrapper elementor-open-inline\">\r\n\t\t\t<div class=\"elementor-video\"><\/div>\t\t<\/div>\r\n\t\t\t\t\t\t<\/div>\r\n\t\t\t\t<\/div>\r\n\t\t\t\t<\/div>\r\n\t\t<\/div><div class=\"jet-listing-grid__item jet-listing-dynamic-post-767\" data-post-id=\"767\"  >\t\t<div data-elementor-type=\"jet-listing-items\" data-elementor-id=\"758\" class=\"elementor elementor-758\" data-elementor-settings=\"{&quot;ha_cmc_init_switcher&quot;:&quot;no&quot;}\" data-elementor-post-type=\"jet-engine\">\r\n\t\t\t\t<div class=\"elementor-element elementor-element-79c0d44 e-con-full e-flex e-con e-parent\" data-id=\"79c0d44\" data-element_type=\"container\" data-settings=\"{&quot;_ha_eqh_enable&quot;:false}\">\r\n\t\t\t\t<div class=\"elementor-element elementor-element-c320f36 elementor-widget elementor-widget-video\" data-id=\"c320f36\" data-element_type=\"widget\" data-settings=\"{&quot;youtube_url&quot;:&quot;https:\\\/\\\/www.youtube.com\\\/watch?v=UroGSIOyUdI&quot;,&quot;video_type&quot;:&quot;youtube&quot;,&quot;controls&quot;:&quot;yes&quot;}\" data-widget_type=\"video.default\">\r\n\t\t\t\t\t\t\t<div class=\"elementor-wrapper elementor-open-inline\">\r\n\t\t\t<div class=\"elementor-video\"><\/div>\t\t<\/div>\r\n\t\t\t\t\t\t<\/div>\r\n\t\t\t\t<\/div>\r\n\t\t\t\t<\/div>\r\n\t\t<\/div><\/div><\/div>\t\t\t\t<\/div>\r\n\t\t\t\t<\/div>\r\n\t\t<div class=\"elementor-element elementor-element-ae9842d e-con-full e-flex e-con e-child\" data-id=\"ae9842d\" data-element_type=\"container\" data-settings=\"{&quot;_ha_eqh_enable&quot;:false}\">\r\n\t\t\t\t<div class=\"elementor-element elementor-element-3a4f0e9 elementor-widget elementor-widget-heading\" data-id=\"3a4f0e9\" data-element_type=\"widget\" data-widget_type=\"heading.default\">\r\n\t\t\t\t\t<h2 class=\"elementor-heading-title elementor-size-default\">Mostrando registros del <span class=\"jet-engine-query-count query-3 count-type-start-item\" data-query=\"3\">1<\/span> al <span class=\"jet-engine-query-count query-3 count-type-end-item\" data-query=\"3\">4<\/span> de un total de <span class=\"jet-engine-query-count query-3 count-type-total\" data-query=\"3\">4<\/span> registros<\/h2>\t\t\t\t<\/div>\r\n\t\t\t\t<div class=\"elementor-element elementor-element-2b419b7 elementor-widget elementor-widget-jet-smart-filters-pagination\" data-id=\"2b419b7\" data-element_type=\"widget\" data-widget_type=\"jet-smart-filters-pagination.default\">\r\n\t\t\t\t<div class=\"elementor-widget-container\">\r\n\t\t\t\t\t<div\r\n\t\t\t\tclass=\"jet-smart-filters-pagination jet-filter\"\r\n\t\t\t\tdata-apply-provider=\"jet-engine\"\r\n\t\t\t\tdata-content-provider=\"jet-engine\"\r\n\t\t\t\tdata-query-id=\"list_videos\"\r\n\t\t\t\tdata-controls=\"{&quot;items_enabled&quot;:true,&quot;pages_mid_size&quot;:1,&quot;pages_end_size&quot;:1,&quot;nav_enabled&quot;:true,&quot;prev&quot;:&quot;Anterior&quot;,&quot;next&quot;:&quot;Siguiente&quot;,&quot;hide_inactive_nav&quot;:true,&quot;load_more_enabled&quot;:false,&quot;provider_top_offset&quot;:0}\"\r\n\t\t\t\tdata-apply-type=\"ajax\"\r\n\t\t\t><\/div>\t\t\t\t<\/div>\r\n\t\t\t\t<\/div>\r\n\t\t\t\t<\/div>\r\n\t\t\t\t<\/div>\r\n\t\t\t\t<\/div>\r\n\t\t\t\t<\/div>\r\n\t\t","protected":false},"excerpt":{"rendered":"<p>Volver Galer\u00eda Audiovisual Buscar por a\u00f1o Limpiar filtros<\/p>\n","protected":false},"author":1,"featured_media":0,"parent":568,"menu_order":0,"comment_status":"closed","ping_status":"closed","template":"","meta":{"_acf_changed":false,"footnotes":""},"class_list":["post-1168","page","type-page","status-publish","hentry"],"acf":[],"yoast_head":"<!-- This site is optimized with the Yoast SEO plugin v25.9 - https:\/\/yoast.com\/wordpress\/plugins\/seo\/ -->\n<title>Galer\u00eda Audiovisual - GC<\/title>\n<meta name=\"robots\" content=\"index, follow, max-snippet:-1, max-image-preview:large, max-video-preview:-1\" \/>\n<link rel=\"canonical\" href=\"https:\/\/gycperu.com\/web\/gc-salud\/medios\/galeria-audiovisual\/\" \/>\n<meta property=\"og:locale\" content=\"es_ES\" \/>\n<meta property=\"og:type\" content=\"article\" \/>\n<meta property=\"og:title\" content=\"Galer\u00eda Audiovisual - GC\" \/>\n<meta property=\"og:description\" content=\"Volver Galer\u00eda Audiovisual Buscar por a\u00f1o Limpiar filtros\" \/>\n<meta property=\"og:url\" content=\"https:\/\/gycperu.com\/web\/gc-salud\/medios\/galeria-audiovisual\/\" \/>\n<meta property=\"og:site_name\" content=\"GC\" \/>\n<meta property=\"article:modified_time\" content=\"2026-01-19T22:40:43+00:00\" \/>\n<meta name=\"twitter:card\" content=\"summary_large_image\" \/>\n<meta name=\"twitter:label1\" content=\"Tiempo de lectura\" \/>\n\t<meta name=\"twitter:data1\" content=\"1 minuto\" \/>\n<script type=\"application\/ld+json\" class=\"yoast-schema-graph\">{\"@context\":\"https:\/\/schema.org\",\"@graph\":[{\"@type\":\"WebPage\",\"@id\":\"https:\/\/gycperu.com\/web\/gc-salud\/medios\/galeria-audiovisual\/\",\"url\":\"https:\/\/gycperu.com\/web\/gc-salud\/medios\/galeria-audiovisual\/\",\"name\":\"Galer\u00eda Audiovisual - GC\",\"isPartOf\":{\"@id\":\"https:\/\/gycperu.com\/web\/#website\"},\"datePublished\":\"2025-08-27T17:48:52+00:00\",\"dateModified\":\"2026-01-19T22:40:43+00:00\",\"breadcrumb\":{\"@id\":\"https:\/\/gycperu.com\/web\/gc-salud\/medios\/galeria-audiovisual\/#breadcrumb\"},\"inLanguage\":\"es\",\"potentialAction\":[{\"@type\":\"ReadAction\",\"target\":[\"https:\/\/gycperu.com\/web\/gc-salud\/medios\/galeria-audiovisual\/\"]}]},{\"@type\":\"BreadcrumbList\",\"@id\":\"https:\/\/gycperu.com\/web\/gc-salud\/medios\/galeria-audiovisual\/#breadcrumb\",\"itemListElement\":[{\"@type\":\"ListItem\",\"position\":1,\"name\":\"Portada\",\"item\":\"https:\/\/gycperu.com\/web\/\"},{\"@type\":\"ListItem\",\"position\":2,\"name\":\"GC Salud\",\"item\":\"https:\/\/gycperu.com\/web\/gc-salud\/\"},{\"@type\":\"ListItem\",\"position\":3,\"name\":\"Medios\",\"item\":\"https:\/\/gycperu.com\/web\/gc-salud\/medios\/\"},{\"@type\":\"ListItem\",\"position\":4,\"name\":\"Galer\u00eda Audiovisual\"}]},{\"@type\":\"WebSite\",\"@id\":\"https:\/\/gycperu.com\/web\/#website\",\"url\":\"https:\/\/gycperu.com\/web\/\",\"name\":\"GC\",\"description\":\"\",\"publisher\":{\"@id\":\"https:\/\/gycperu.com\/web\/#organization\"},\"potentialAction\":[{\"@type\":\"SearchAction\",\"target\":{\"@type\":\"EntryPoint\",\"urlTemplate\":\"https:\/\/gycperu.com\/web\/?s={search_term_string}\"},\"query-input\":{\"@type\":\"PropertyValueSpecification\",\"valueRequired\":true,\"valueName\":\"search_term_string\"}}],\"inLanguage\":\"es\"},{\"@type\":\"Organization\",\"@id\":\"https:\/\/gycperu.com\/web\/#organization\",\"name\":\"GC\",\"url\":\"https:\/\/gycperu.com\/web\/\",\"logo\":{\"@type\":\"ImageObject\",\"inLanguage\":\"es\",\"@id\":\"https:\/\/gycperu.com\/web\/#\/schema\/logo\/image\/\",\"url\":\"https:\/\/gycperu.com\/web\/wp-content\/uploads\/2025\/08\/GC_SECUNDARIO_BLANCO_FONDO_TRANSPARENTE-1-2.svg\",\"contentUrl\":\"https:\/\/gycperu.com\/web\/wp-content\/uploads\/2025\/08\/GC_SECUNDARIO_BLANCO_FONDO_TRANSPARENTE-1-2.svg\",\"width\":194,\"height\":84,\"caption\":\"GC\"},\"image\":{\"@id\":\"https:\/\/gycperu.com\/web\/#\/schema\/logo\/image\/\"}}]}<\/script>\n<!-- \/ Yoast SEO plugin. -->","yoast_head_json":{"title":"Galer\u00eda Audiovisual - GC","robots":{"index":"index","follow":"follow","max-snippet":"max-snippet:-1","max-image-preview":"max-image-preview:large","max-video-preview":"max-video-preview:-1"},"canonical":"https:\/\/gycperu.com\/web\/gc-salud\/medios\/galeria-audiovisual\/","og_locale":"es_ES","og_type":"article","og_title":"Galer\u00eda Audiovisual - GC","og_description":"Volver Galer\u00eda Audiovisual Buscar por a\u00f1o Limpiar filtros","og_url":"https:\/\/gycperu.com\/web\/gc-salud\/medios\/galeria-audiovisual\/","og_site_name":"GC","article_modified_time":"2026-01-19T22:40:43+00:00","twitter_card":"summary_large_image","twitter_misc":{"Tiempo de lectura":"1 minuto"},"schema":{"@context":"https:\/\/schema.org","@graph":[{"@type":"WebPage","@id":"https:\/\/gycperu.com\/web\/gc-salud\/medios\/galeria-audiovisual\/","url":"https:\/\/gycperu.com\/web\/gc-salud\/medios\/galeria-audiovisual\/","name":"Galer\u00eda Audiovisual - GC","isPartOf":{"@id":"https:\/\/gycperu.com\/web\/#website"},"datePublished":"2025-08-27T17:48:52+00:00","dateModified":"2026-01-19T22:40:43+00:00","breadcrumb":{"@id":"https:\/\/gycperu.com\/web\/gc-salud\/medios\/galeria-audiovisual\/#breadcrumb"},"inLanguage":"es","potentialAction":[{"@type":"ReadAction","target":["https:\/\/gycperu.com\/web\/gc-salud\/medios\/galeria-audiovisual\/"]}]},{"@type":"BreadcrumbList","@id":"https:\/\/gycperu.com\/web\/gc-salud\/medios\/galeria-audiovisual\/#breadcrumb","itemListElement":[{"@type":"ListItem","position":1,"name":"Portada","item":"https:\/\/gycperu.com\/web\/"},{"@type":"ListItem","position":2,"name":"GC Salud","item":"https:\/\/gycperu.com\/web\/gc-salud\/"},{"@type":"ListItem","position":3,"name":"Medios","item":"https:\/\/gycperu.com\/web\/gc-salud\/medios\/"},{"@type":"ListItem","position":4,"name":"Galer\u00eda Audiovisual"}]},{"@type":"WebSite","@id":"https:\/\/gycperu.com\/web\/#website","url":"https:\/\/gycperu.com\/web\/","name":"GC","description":"","publisher":{"@id":"https:\/\/gycperu.com\/web\/#organization"},"potentialAction":[{"@type":"SearchAction","target":{"@type":"EntryPoint","urlTemplate":"https:\/\/gycperu.com\/web\/?s={search_term_string}"},"query-input":{"@type":"PropertyValueSpecification","valueRequired":true,"valueName":"search_term_string"}}],"inLanguage":"es"},{"@type":"Organization","@id":"https:\/\/gycperu.com\/web\/#organization","name":"GC","url":"https:\/\/gycperu.com\/web\/","logo":{"@type":"ImageObject","inLanguage":"es","@id":"https:\/\/gycperu.com\/web\/#\/schema\/logo\/image\/","url":"https:\/\/gycperu.com\/web\/wp-content\/uploads\/2025\/08\/GC_SECUNDARIO_BLANCO_FONDO_TRANSPARENTE-1-2.svg","contentUrl":"https:\/\/gycperu.com\/web\/wp-content\/uploads\/2025\/08\/GC_SECUNDARIO_BLANCO_FONDO_TRANSPARENTE-1-2.svg","width":194,"height":84,"caption":"GC"},"image":{"@id":"https:\/\/gycperu.com\/web\/#\/schema\/logo\/image\/"}}]}},"_links":{"self":[{"href":"https:\/\/gycperu.com\/web\/wp-json\/wp\/v2\/pages\/1168","targetHints":{"allow":["GET"]}}],"collection":[{"href":"https:\/\/gycperu.com\/web\/wp-json\/wp\/v2\/pages"}],"about":[{"href":"https:\/\/gycperu.com\/web\/wp-json\/wp\/v2\/types\/page"}],"author":[{"embeddable":true,"href":"https:\/\/gycperu.com\/web\/wp-json\/wp\/v2\/users\/1"}],"replies":[{"embeddable":true,"href":"https:\/\/gycperu.com\/web\/wp-json\/wp\/v2\/comments?post=1168"}],"version-history":[{"count":42,"href":"https:\/\/gycperu.com\/web\/wp-json\/wp\/v2\/pages\/1168\/revisions"}],"predecessor-version":[{"id":4606,"href":"https:\/\/gycperu.com\/web\/wp-json\/wp\/v2\/pages\/1168\/revisions\/4606"}],"up":[{"embeddable":true,"href":"https:\/\/gycperu.com\/web\/wp-json\/wp\/v2\/pages\/568"}],"wp:attachment":[{"href":"https:\/\/gycperu.com\/web\/wp-json\/wp\/v2\/media?parent=1168"}],"curies":[{"name":"wp","href":"https:\/\/api.w.org\/{rel}","templated":true}]}}