{"id":1183,"date":"2025-08-27T19:58:02","date_gmt":"2025-08-27T17:58:02","guid":{"rendered":"https:\/\/gycperu.com\/web?page_id=1183"},"modified":"2026-01-19T18:42:27","modified_gmt":"2026-01-19T17:42:27","slug":"galeria-audiovisual","status":"publish","type":"page","link":"https:\/\/gycperu.com\/web\/gc-social\/medios\/galeria-audiovisual\/","title":{"rendered":"Galer\u00eda Audiovisual"},"content":{"rendered":"\t\t<div data-elementor-type=\"wp-page\" data-elementor-id=\"1183\" class=\"elementor elementor-1183\" data-elementor-settings=\"{&quot;ha_cmc_init_switcher&quot;:&quot;no&quot;}\" data-elementor-post-type=\"page\">\r\n\t\t\t\t<div class=\"elementor-element elementor-element-c293e17 e-con-full e-flex e-con e-parent\" data-id=\"c293e17\" data-element_type=\"container\" data-settings=\"{&quot;_ha_eqh_enable&quot;:false}\">\r\n\t\t<div class=\"elementor-element elementor-element-b610329 e-con-full e-flex e-con e-child\" data-id=\"b610329\" data-element_type=\"container\" data-settings=\"{&quot;_ha_eqh_enable&quot;:false}\">\r\n\t\t<div class=\"elementor-element elementor-element-cd0d697 e-con-full e-flex e-con e-child\" data-id=\"cd0d697\" data-element_type=\"container\" data-settings=\"{&quot;_ha_eqh_enable&quot;:false}\">\r\n\t\t\t\t<div class=\"elementor-element elementor-element-8ed319e elementor-view-default elementor-widget elementor-widget-icon\" data-id=\"8ed319e\" data-element_type=\"widget\" data-widget_type=\"icon.default\">\r\n\t\t\t\t\t\t\t<div class=\"elementor-icon-wrapper\">\r\n\t\t\t<a class=\"elementor-icon\" href=\"\/gc-salud\/medios\/\">\r\n\t\t\t<svg xmlns=\"http:\/\/www.w3.org\/2000\/svg\" width=\"24\" height=\"24\" viewBox=\"0 0 24 24\" fill=\"none\"><path fill-rule=\"evenodd\" clip-rule=\"evenodd\" d=\"M12.233 4.4545C12.6723 4.89384 12.6723 5.60616 12.233 6.0455L6.27849 12L12.233 17.9545C12.6723 18.3938 12.6723 19.1062 12.233 19.5455C11.7937 19.9848 11.0813 19.9848 10.642 19.5455L3.892 12.7955C3.45267 12.3562 3.45267 11.6438 3.892 11.2045L10.642 4.4545C11.0813 4.01517 11.7937 4.01517 12.233 4.4545Z\" fill=\"#6F9908\"><\/path><path fill-rule=\"evenodd\" clip-rule=\"evenodd\" d=\"M4.5 12C4.5 11.3787 5.00368 10.875 5.625 10.875H19.3125C19.9338 10.875 20.4375 11.3787 20.4375 12C20.4375 12.6213 19.9338 13.125 19.3125 13.125H5.625C5.00368 13.125 4.5 12.6213 4.5 12Z\" fill=\"#6F9908\"><\/path><\/svg>\t\t\t<\/a>\r\n\t\t<\/div>\r\n\t\t\t\t\t\t<\/div>\r\n\t\t\t\t<div class=\"elementor-element elementor-element-55add82 elementor-widget elementor-widget-heading\" data-id=\"55add82\" data-element_type=\"widget\" data-widget_type=\"heading.default\">\r\n\t\t\t\t\t<h2 class=\"elementor-heading-title elementor-size-default\"><a href=\"\/gc-social\/medios\/\">Volver<\/a><\/h2>\t\t\t\t<\/div>\r\n\t\t\t\t<\/div>\r\n\t\t\t\t<div class=\"elementor-element elementor-element-a3623af elementor-widget elementor-widget-heading\" data-id=\"a3623af\" data-element_type=\"widget\" data-widget_type=\"heading.default\">\r\n\t\t\t\t\t<h2 class=\"elementor-heading-title elementor-size-default\">Galer\u00eda Audiovisual<\/h2>\t\t\t\t<\/div>\r\n\t\t<div class=\"elementor-element elementor-element-9e00a03 e-con-full e-flex e-con e-child\" data-id=\"9e00a03\" data-element_type=\"container\" data-settings=\"{&quot;_ha_eqh_enable&quot;:false}\">\r\n\t\t\t\t<div class=\"elementor-element elementor-element-0bc6313 date-filter elementor-widget elementor-widget-jet-smart-filters-date-period\" data-id=\"0bc6313\" data-element_type=\"widget\" data-widget_type=\"jet-smart-filters-date-period.default\">\r\n\t\t\t\t<div class=\"elementor-widget-container\">\r\n\t\t\t\t\t<div class=\"jet-smart-filters-date-period jet-filter \" data-indexer-rule=\"show\" data-show-counter=\"\" data-change-counter=\"always\"><div class=\"jet-date-period button-icon-position-left\" data-query-type=\"date_query\" data-query-var=\"\" data-smart-filter=\"date-period\" data-filter-id=\"1230\" data-apply-type=\"ajax\" data-content-provider=\"jet-engine\" data-additional-providers=\"\" data-query-id=\"list_videos\" data-active-label=\"\" data-layout-options=\"{&quot;show_label&quot;:&quot;&quot;,&quot;display_options&quot;:{&quot;show_items_label&quot;:false,&quot;show_decorator&quot;:false,&quot;filter_image_size&quot;:&quot;full&quot;,&quot;show_counter&quot;:false}}\" data-query-var-suffix=\"date\" data-apply-on=\"value\" data-period-type=\"year\">\r\n\t<div class=\"jet-date-period__wrapper\">\r\n\t\t<div class=\"jet-date-period__prev\" ><svg width=\"21\" height=\"28\" viewBox=\"0 0 21 28\" xmlns=\"http:\/\/www.w3.org\/2000\/svg\">\r\n\t<path d=\"M18.297 4.703l-8.297 8.297 8.297 8.297c0.391 0.391 0.391 1.016 0 1.406l-2.594 2.594c-0.391 0.391-1.016 0.391-1.406 0l-11.594-11.594c-0.391-0.391-0.391-1.016 0-1.406l11.594-11.594c0.391-0.391 1.016-0.391 1.406 0l2.594 2.594c0.391 0.391 0.391 1.016 0 1.406z\"><\/path>\r\n<\/svg>\r\n<\/div>\r\n\t\t<div class=\"jet-date-period__datepicker date\">\r\n\t\t\t<div class=\"jet-date-period__datepicker-button input-group-addon\" >\r\n\t\t\t\tBuscar por a\u00f1o\t\t\t\t<svg width=\"18\" height=\"28\" viewBox=\"0 0 18 28\" xmlns=\"http:\/\/www.w3.org\/2000\/svg\">\r\n\t<path d=\"M16.797 11.5c0 0.125-0.063 0.266-0.156 0.359l-7.281 7.281c-0.094 0.094-0.234 0.156-0.359 0.156s-0.266-0.063-0.359-0.156l-7.281-7.281c-0.094-0.094-0.156-0.234-0.156-0.359s0.063-0.266 0.156-0.359l0.781-0.781c0.094-0.094 0.219-0.156 0.359-0.156 0.125 0 0.266 0.063 0.359 0.156l6.141 6.141 6.141-6.141c0.094-0.094 0.234-0.156 0.359-0.156s0.266 0.063 0.359 0.156l0.781 0.781c0.094 0.094 0.156 0.234 0.156 0.359z\"><\/path>\r\n<\/svg>\r\n\t\t\t<\/div>\r\n\t\t\t<input\r\n\t\t\t\tclass=\"jet-date-period__datepicker-input\"\r\n\t\t\t\tname=\"\"\r\n\t\t\t\tvalue=\"\"\r\n\t\t\t\taria-label=\"Buscar por a\u00f1o\"\r\n\t\t\t\ttype=\"hidden\"\r\n\t\t\t\ttabindex=\"-1\"\r\n\t\t\t\tdata-format=\"yy\"\r\n\t\t\t\t\t\t\t\t\t\t\t\treadonly\r\n\t\t\t>\r\n\t\t<\/div>\r\n\t\t<div class=\"jet-date-period__next\" ><svg width=\"19\" height=\"28\" viewBox=\"0 0 19 28\" xmlns=\"http:\/\/www.w3.org\/2000\/svg\">\r\n\t<path d=\"M17.297 13.703l-11.594 11.594c-0.391 0.391-1.016 0.391-1.406 0l-2.594-2.594c-0.391-0.391-0.391-1.016 0-1.406l8.297-8.297-8.297-8.297c-0.391-0.391-0.391-1.016 0-1.406l2.594-2.594c0.391-0.391 1.016-0.391 1.406 0l11.594 11.594c0.391 0.391 0.391 1.016 0 1.406z\"><\/path>\r\n<\/svg>\r\n<\/div>\r\n\t<\/div>\r\n<\/div>\r\n<\/div>\t\t\t\t<\/div>\r\n\t\t\t\t<\/div>\r\n\t\t\t\t<div class=\"elementor-element elementor-element-8e70903 elementor-widget elementor-widget-jet-smart-filters-remove-filters hide-widget\" data-id=\"8e70903\" data-element_type=\"widget\" data-widget_type=\"jet-smart-filters-remove-filters.default\">\r\n\t\t\t\t<div class=\"elementor-widget-container\">\r\n\t\t\t\t\t<div class=\"jet-smart-filters-remove-filters jet-filter\"><div class=\"jet-remove-all-filters hide\">\r\n\t<button\r\n\t\ttype=\"button\"\r\n\t\tclass=\"jet-remove-all-filters__button\"\r\n\t\tdata-content-provider=\"jet-engine\"\r\n\t\tdata-additional-providers=\"\"\r\n\t\tdata-apply-type=\"ajax\"\r\n\t\tdata-query-id=\"list_videos\"\r\n\t\t\t>\r\n\t\tLimpiar filtros\t<\/button>\r\n<\/div><\/div>\t\t\t\t<\/div>\r\n\t\t\t\t<\/div>\r\n\t\t\t\t<\/div>\r\n\t\t<div class=\"elementor-element elementor-element-1ba4a5d e-con-full e-flex e-con e-child\" data-id=\"1ba4a5d\" data-element_type=\"container\" data-settings=\"{&quot;_ha_eqh_enable&quot;:false}\">\r\n\t\t\t\t<div class=\"elementor-element elementor-element-c412eef ha-advanced-tooltip-top ha-has-bg-overlay elementor-widget elementor-widget-jet-listing-grid\" data-id=\"c412eef\" data-element_type=\"widget\" id=\"list_videos\" data-settings=\"{&quot;columns&quot;:&quot;2&quot;,&quot;columns_mobile&quot;:&quot;1&quot;}\" data-widget_type=\"jet-listing-grid.default\">\r\n\t\t\t\t\t<div class=\"jet-listing-grid jet-listing\"><div class=\"jet-listing-grid__items grid-col-desk-2 grid-col-tablet-2 grid-col-mobile-1 jet-listing-grid--758\" data-queried-id=\"1183|WP_Post\" data-nav=\"{&quot;enabled&quot;:false,&quot;type&quot;:null,&quot;more_el&quot;:null,&quot;query&quot;:[],&quot;widget_settings&quot;:{&quot;lisitng_id&quot;:758,&quot;posts_num&quot;:6,&quot;columns&quot;:2,&quot;columns_tablet&quot;:2,&quot;columns_mobile&quot;:1,&quot;column_min_width&quot;:240,&quot;column_min_width_tablet&quot;:240,&quot;column_min_width_mobile&quot;:240,&quot;inline_columns_css&quot;:false,&quot;is_archive_template&quot;:&quot;&quot;,&quot;post_status&quot;:[&quot;publish&quot;],&quot;use_random_posts_num&quot;:&quot;&quot;,&quot;max_posts_num&quot;:9,&quot;not_found_message&quot;:&quot;No se encontraron videos en ese rango de a\\u00f1o.&quot;,&quot;is_masonry&quot;:false,&quot;equal_columns_height&quot;:&quot;&quot;,&quot;use_load_more&quot;:&quot;&quot;,&quot;load_more_id&quot;:&quot;&quot;,&quot;load_more_type&quot;:&quot;click&quot;,&quot;load_more_offset&quot;:{&quot;unit&quot;:&quot;px&quot;,&quot;size&quot;:0,&quot;sizes&quot;:[]},&quot;use_custom_post_types&quot;:&quot;&quot;,&quot;custom_post_types&quot;:[],&quot;hide_widget_if&quot;:&quot;&quot;,&quot;carousel_enabled&quot;:&quot;&quot;,&quot;slides_to_scroll&quot;:&quot;1&quot;,&quot;arrows&quot;:&quot;true&quot;,&quot;arrow_icon&quot;:&quot;fa fa-angle-left&quot;,&quot;dots&quot;:&quot;&quot;,&quot;autoplay&quot;:&quot;true&quot;,&quot;pause_on_hover&quot;:&quot;true&quot;,&quot;autoplay_speed&quot;:5000,&quot;infinite&quot;:&quot;true&quot;,&quot;center_mode&quot;:&quot;&quot;,&quot;effect&quot;:&quot;slide&quot;,&quot;speed&quot;:500,&quot;inject_alternative_items&quot;:&quot;&quot;,&quot;injection_items&quot;:[],&quot;scroll_slider_enabled&quot;:&quot;&quot;,&quot;scroll_slider_on&quot;:[&quot;desktop&quot;,&quot;tablet&quot;,&quot;mobile&quot;],&quot;custom_query&quot;:&quot;yes&quot;,&quot;custom_query_id&quot;:&quot;4&quot;,&quot;_element_id&quot;:&quot;list_videos&quot;,&quot;collapse_first_last_gap&quot;:false,&quot;list_tag_selection&quot;:&quot;&quot;,&quot;list_items_wrapper_tag&quot;:&quot;div&quot;,&quot;list_item_tag&quot;:&quot;div&quot;,&quot;empty_items_wrapper_tag&quot;:&quot;div&quot;}}\" data-page=\"1\" data-pages=\"1\" data-listing-source=\"query\" data-listing-id=\"758\" data-query-id=\"4\"><div class=\"jet-listing-grid__item jet-listing-dynamic-post-1083\" data-post-id=\"1083\"  >\t\t<div data-elementor-type=\"jet-listing-items\" data-elementor-id=\"758\" class=\"elementor elementor-758\" data-elementor-settings=\"{&quot;ha_cmc_init_switcher&quot;:&quot;no&quot;}\" data-elementor-post-type=\"jet-engine\">\r\n\t\t\t\t<div class=\"elementor-element elementor-element-79c0d44 e-con-full e-flex e-con e-parent\" data-id=\"79c0d44\" data-element_type=\"container\" data-settings=\"{&quot;_ha_eqh_enable&quot;:false}\">\r\n\t\t\t\t<div class=\"elementor-element elementor-element-c320f36 elementor-widget elementor-widget-video\" data-id=\"c320f36\" data-element_type=\"widget\" data-settings=\"{&quot;youtube_url&quot;:&quot;https:\\\/\\\/www.youtube.com\\\/watch?v=2dGUyKN1Zxk&quot;,&quot;video_type&quot;:&quot;youtube&quot;,&quot;controls&quot;:&quot;yes&quot;}\" data-widget_type=\"video.default\">\r\n\t\t\t\t\t\t\t<div class=\"elementor-wrapper elementor-open-inline\">\r\n\t\t\t<div class=\"elementor-video\"><\/div>\t\t<\/div>\r\n\t\t\t\t\t\t<\/div>\r\n\t\t\t\t<\/div>\r\n\t\t\t\t<\/div>\r\n\t\t<\/div><div class=\"jet-listing-grid__item jet-listing-dynamic-post-1081\" data-post-id=\"1081\"  >\t\t<div data-elementor-type=\"jet-listing-items\" data-elementor-id=\"758\" class=\"elementor elementor-758\" data-elementor-settings=\"{&quot;ha_cmc_init_switcher&quot;:&quot;no&quot;}\" data-elementor-post-type=\"jet-engine\">\r\n\t\t\t\t<div class=\"elementor-element elementor-element-79c0d44 e-con-full e-flex e-con e-parent\" data-id=\"79c0d44\" data-element_type=\"container\" data-settings=\"{&quot;_ha_eqh_enable&quot;:false}\">\r\n\t\t\t\t<div class=\"elementor-element elementor-element-c320f36 elementor-widget elementor-widget-video\" data-id=\"c320f36\" data-element_type=\"widget\" data-settings=\"{&quot;youtube_url&quot;:&quot;https:\\\/\\\/www.youtube.com\\\/watch?v=2dGUyKN1Zxk&quot;,&quot;video_type&quot;:&quot;youtube&quot;,&quot;controls&quot;:&quot;yes&quot;}\" data-widget_type=\"video.default\">\r\n\t\t\t\t\t\t\t<div class=\"elementor-wrapper elementor-open-inline\">\r\n\t\t\t<div class=\"elementor-video\"><\/div>\t\t<\/div>\r\n\t\t\t\t\t\t<\/div>\r\n\t\t\t\t<\/div>\r\n\t\t\t\t<\/div>\r\n\t\t<\/div><div class=\"jet-listing-grid__item jet-listing-dynamic-post-1079\" data-post-id=\"1079\"  >\t\t<div data-elementor-type=\"jet-listing-items\" data-elementor-id=\"758\" class=\"elementor elementor-758\" data-elementor-settings=\"{&quot;ha_cmc_init_switcher&quot;:&quot;no&quot;}\" data-elementor-post-type=\"jet-engine\">\r\n\t\t\t\t<div class=\"elementor-element elementor-element-79c0d44 e-con-full e-flex e-con e-parent\" data-id=\"79c0d44\" data-element_type=\"container\" data-settings=\"{&quot;_ha_eqh_enable&quot;:false}\">\r\n\t\t\t\t<div class=\"elementor-element elementor-element-c320f36 elementor-widget elementor-widget-video\" data-id=\"c320f36\" data-element_type=\"widget\" data-settings=\"{&quot;youtube_url&quot;:&quot;https:\\\/\\\/www.youtube.com\\\/watch?v=2dGUyKN1Zxk&quot;,&quot;video_type&quot;:&quot;youtube&quot;,&quot;controls&quot;:&quot;yes&quot;}\" data-widget_type=\"video.default\">\r\n\t\t\t\t\t\t\t<div class=\"elementor-wrapper elementor-open-inline\">\r\n\t\t\t<div class=\"elementor-video\"><\/div>\t\t<\/div>\r\n\t\t\t\t\t\t<\/div>\r\n\t\t\t\t<\/div>\r\n\t\t\t\t<\/div>\r\n\t\t<\/div><div class=\"jet-listing-grid__item jet-listing-dynamic-post-1077\" data-post-id=\"1077\"  >\t\t<div data-elementor-type=\"jet-listing-items\" data-elementor-id=\"758\" class=\"elementor elementor-758\" data-elementor-settings=\"{&quot;ha_cmc_init_switcher&quot;:&quot;no&quot;}\" data-elementor-post-type=\"jet-engine\">\r\n\t\t\t\t<div class=\"elementor-element elementor-element-79c0d44 e-con-full e-flex e-con e-parent\" data-id=\"79c0d44\" data-element_type=\"container\" data-settings=\"{&quot;_ha_eqh_enable&quot;:false}\">\r\n\t\t\t\t<div class=\"elementor-element elementor-element-c320f36 elementor-widget elementor-widget-video\" data-id=\"c320f36\" data-element_type=\"widget\" data-settings=\"{&quot;youtube_url&quot;:&quot;https:\\\/\\\/www.youtube.com\\\/watch?v=2dGUyKN1Zxk&quot;,&quot;video_type&quot;:&quot;youtube&quot;,&quot;controls&quot;:&quot;yes&quot;}\" data-widget_type=\"video.default\">\r\n\t\t\t\t\t\t\t<div class=\"elementor-wrapper elementor-open-inline\">\r\n\t\t\t<div class=\"elementor-video\"><\/div>\t\t<\/div>\r\n\t\t\t\t\t\t<\/div>\r\n\t\t\t\t<\/div>\r\n\t\t\t\t<\/div>\r\n\t\t<\/div><\/div><\/div>\t\t\t\t<\/div>\r\n\t\t\t\t<\/div>\r\n\t\t<div class=\"elementor-element elementor-element-866e9ab e-con-full e-flex e-con e-child\" data-id=\"866e9ab\" data-element_type=\"container\" data-settings=\"{&quot;_ha_eqh_enable&quot;:false}\">\r\n\t\t\t\t<div class=\"elementor-element elementor-element-109d00a elementor-widget elementor-widget-heading\" data-id=\"109d00a\" data-element_type=\"widget\" data-widget_type=\"heading.default\">\r\n\t\t\t\t\t<h2 class=\"elementor-heading-title elementor-size-default\">Mostrando registros del <span class=\"jet-engine-query-count query-4 count-type-start-item\" data-query=\"4\">1<\/span> al <span class=\"jet-engine-query-count query-4 count-type-end-item\" data-query=\"4\">4<\/span> de un total de <span class=\"jet-engine-query-count query-4 count-type-total\" data-query=\"4\">4<\/span> registros<\/h2>\t\t\t\t<\/div>\r\n\t\t\t\t<div class=\"elementor-element elementor-element-9bac001 elementor-widget elementor-widget-jet-smart-filters-pagination\" data-id=\"9bac001\" data-element_type=\"widget\" data-widget_type=\"jet-smart-filters-pagination.default\">\r\n\t\t\t\t<div class=\"elementor-widget-container\">\r\n\t\t\t\t\t<div\r\n\t\t\t\tclass=\"jet-smart-filters-pagination jet-filter\"\r\n\t\t\t\tdata-apply-provider=\"jet-engine\"\r\n\t\t\t\tdata-content-provider=\"jet-engine\"\r\n\t\t\t\tdata-query-id=\"list_videos\"\r\n\t\t\t\tdata-controls=\"{&quot;items_enabled&quot;:true,&quot;pages_mid_size&quot;:1,&quot;pages_end_size&quot;:1,&quot;nav_enabled&quot;:true,&quot;prev&quot;:&quot;Anterior&quot;,&quot;next&quot;:&quot;Siguiente&quot;,&quot;hide_inactive_nav&quot;:true,&quot;load_more_enabled&quot;:false,&quot;provider_top_offset&quot;:0}\"\r\n\t\t\t\tdata-apply-type=\"ajax\"\r\n\t\t\t><\/div>\t\t\t\t<\/div>\r\n\t\t\t\t<\/div>\r\n\t\t\t\t<\/div>\r\n\t\t\t\t<\/div>\r\n\t\t\t\t<\/div>\r\n\t\t\t\t<\/div>\r\n\t\t","protected":false},"excerpt":{"rendered":"<p>Volver Galer\u00eda Audiovisual Buscar por a\u00f1o Limpiar filtros<\/p>\n","protected":false},"author":1,"featured_media":0,"parent":986,"menu_order":0,"comment_status":"closed","ping_status":"closed","template":"","meta":{"_acf_changed":false,"footnotes":""},"class_list":["post-1183","page","type-page","status-publish","hentry"],"acf":[],"yoast_head":"<!-- This site is optimized with the Yoast SEO plugin v25.9 - https:\/\/yoast.com\/wordpress\/plugins\/seo\/ -->\n<title>Galer\u00eda Audiovisual - GC<\/title>\n<meta name=\"robots\" content=\"index, follow, max-snippet:-1, max-image-preview:large, max-video-preview:-1\" \/>\n<link rel=\"canonical\" href=\"https:\/\/gycperu.com\/web\/gc-social\/medios\/galeria-audiovisual\/\" \/>\n<meta property=\"og:locale\" content=\"es_ES\" \/>\n<meta property=\"og:type\" content=\"article\" \/>\n<meta property=\"og:title\" content=\"Galer\u00eda Audiovisual - GC\" \/>\n<meta property=\"og:description\" content=\"Volver Galer\u00eda Audiovisual Buscar por a\u00f1o Limpiar filtros\" \/>\n<meta property=\"og:url\" content=\"https:\/\/gycperu.com\/web\/gc-social\/medios\/galeria-audiovisual\/\" \/>\n<meta property=\"og:site_name\" content=\"GC\" \/>\n<meta property=\"article:modified_time\" content=\"2026-01-19T17:42:27+00:00\" \/>\n<meta name=\"twitter:card\" content=\"summary_large_image\" \/>\n<meta name=\"twitter:label1\" content=\"Tiempo de lectura\" \/>\n\t<meta name=\"twitter:data1\" content=\"1 minuto\" \/>\n<script type=\"application\/ld+json\" class=\"yoast-schema-graph\">{\"@context\":\"https:\/\/schema.org\",\"@graph\":[{\"@type\":\"WebPage\",\"@id\":\"https:\/\/gycperu.com\/web\/gc-social\/medios\/galeria-audiovisual\/\",\"url\":\"https:\/\/gycperu.com\/web\/gc-social\/medios\/galeria-audiovisual\/\",\"name\":\"Galer\u00eda Audiovisual - GC\",\"isPartOf\":{\"@id\":\"https:\/\/gycperu.com\/web\/#website\"},\"datePublished\":\"2025-08-27T17:58:02+00:00\",\"dateModified\":\"2026-01-19T17:42:27+00:00\",\"breadcrumb\":{\"@id\":\"https:\/\/gycperu.com\/web\/gc-social\/medios\/galeria-audiovisual\/#breadcrumb\"},\"inLanguage\":\"es\",\"potentialAction\":[{\"@type\":\"ReadAction\",\"target\":[\"https:\/\/gycperu.com\/web\/gc-social\/medios\/galeria-audiovisual\/\"]}]},{\"@type\":\"BreadcrumbList\",\"@id\":\"https:\/\/gycperu.com\/web\/gc-social\/medios\/galeria-audiovisual\/#breadcrumb\",\"itemListElement\":[{\"@type\":\"ListItem\",\"position\":1,\"name\":\"Portada\",\"item\":\"https:\/\/gycperu.com\/web\/\"},{\"@type\":\"ListItem\",\"position\":2,\"name\":\"GC Social\",\"item\":\"https:\/\/gycperu.com\/web\/gc-social\/\"},{\"@type\":\"ListItem\",\"position\":3,\"name\":\"Medios\",\"item\":\"https:\/\/gycperu.com\/web\/gc-social\/medios\/\"},{\"@type\":\"ListItem\",\"position\":4,\"name\":\"Galer\u00eda Audiovisual\"}]},{\"@type\":\"WebSite\",\"@id\":\"https:\/\/gycperu.com\/web\/#website\",\"url\":\"https:\/\/gycperu.com\/web\/\",\"name\":\"GC\",\"description\":\"\",\"publisher\":{\"@id\":\"https:\/\/gycperu.com\/web\/#organization\"},\"potentialAction\":[{\"@type\":\"SearchAction\",\"target\":{\"@type\":\"EntryPoint\",\"urlTemplate\":\"https:\/\/gycperu.com\/web\/?s={search_term_string}\"},\"query-input\":{\"@type\":\"PropertyValueSpecification\",\"valueRequired\":true,\"valueName\":\"search_term_string\"}}],\"inLanguage\":\"es\"},{\"@type\":\"Organization\",\"@id\":\"https:\/\/gycperu.com\/web\/#organization\",\"name\":\"GC\",\"url\":\"https:\/\/gycperu.com\/web\/\",\"logo\":{\"@type\":\"ImageObject\",\"inLanguage\":\"es\",\"@id\":\"https:\/\/gycperu.com\/web\/#\/schema\/logo\/image\/\",\"url\":\"https:\/\/gycperu.com\/web\/wp-content\/uploads\/2025\/08\/GC_SECUNDARIO_BLANCO_FONDO_TRANSPARENTE-1-2.svg\",\"contentUrl\":\"https:\/\/gycperu.com\/web\/wp-content\/uploads\/2025\/08\/GC_SECUNDARIO_BLANCO_FONDO_TRANSPARENTE-1-2.svg\",\"width\":194,\"height\":84,\"caption\":\"GC\"},\"image\":{\"@id\":\"https:\/\/gycperu.com\/web\/#\/schema\/logo\/image\/\"}}]}<\/script>\n<!-- \/ Yoast SEO plugin. -->","yoast_head_json":{"title":"Galer\u00eda Audiovisual - GC","robots":{"index":"index","follow":"follow","max-snippet":"max-snippet:-1","max-image-preview":"max-image-preview:large","max-video-preview":"max-video-preview:-1"},"canonical":"https:\/\/gycperu.com\/web\/gc-social\/medios\/galeria-audiovisual\/","og_locale":"es_ES","og_type":"article","og_title":"Galer\u00eda Audiovisual - GC","og_description":"Volver Galer\u00eda Audiovisual Buscar por a\u00f1o Limpiar filtros","og_url":"https:\/\/gycperu.com\/web\/gc-social\/medios\/galeria-audiovisual\/","og_site_name":"GC","article_modified_time":"2026-01-19T17:42:27+00:00","twitter_card":"summary_large_image","twitter_misc":{"Tiempo de lectura":"1 minuto"},"schema":{"@context":"https:\/\/schema.org","@graph":[{"@type":"WebPage","@id":"https:\/\/gycperu.com\/web\/gc-social\/medios\/galeria-audiovisual\/","url":"https:\/\/gycperu.com\/web\/gc-social\/medios\/galeria-audiovisual\/","name":"Galer\u00eda Audiovisual - GC","isPartOf":{"@id":"https:\/\/gycperu.com\/web\/#website"},"datePublished":"2025-08-27T17:58:02+00:00","dateModified":"2026-01-19T17:42:27+00:00","breadcrumb":{"@id":"https:\/\/gycperu.com\/web\/gc-social\/medios\/galeria-audiovisual\/#breadcrumb"},"inLanguage":"es","potentialAction":[{"@type":"ReadAction","target":["https:\/\/gycperu.com\/web\/gc-social\/medios\/galeria-audiovisual\/"]}]},{"@type":"BreadcrumbList","@id":"https:\/\/gycperu.com\/web\/gc-social\/medios\/galeria-audiovisual\/#breadcrumb","itemListElement":[{"@type":"ListItem","position":1,"name":"Portada","item":"https:\/\/gycperu.com\/web\/"},{"@type":"ListItem","position":2,"name":"GC Social","item":"https:\/\/gycperu.com\/web\/gc-social\/"},{"@type":"ListItem","position":3,"name":"Medios","item":"https:\/\/gycperu.com\/web\/gc-social\/medios\/"},{"@type":"ListItem","position":4,"name":"Galer\u00eda Audiovisual"}]},{"@type":"WebSite","@id":"https:\/\/gycperu.com\/web\/#website","url":"https:\/\/gycperu.com\/web\/","name":"GC","description":"","publisher":{"@id":"https:\/\/gycperu.com\/web\/#organization"},"potentialAction":[{"@type":"SearchAction","target":{"@type":"EntryPoint","urlTemplate":"https:\/\/gycperu.com\/web\/?s={search_term_string}"},"query-input":{"@type":"PropertyValueSpecification","valueRequired":true,"valueName":"search_term_string"}}],"inLanguage":"es"},{"@type":"Organization","@id":"https:\/\/gycperu.com\/web\/#organization","name":"GC","url":"https:\/\/gycperu.com\/web\/","logo":{"@type":"ImageObject","inLanguage":"es","@id":"https:\/\/gycperu.com\/web\/#\/schema\/logo\/image\/","url":"https:\/\/gycperu.com\/web\/wp-content\/uploads\/2025\/08\/GC_SECUNDARIO_BLANCO_FONDO_TRANSPARENTE-1-2.svg","contentUrl":"https:\/\/gycperu.com\/web\/wp-content\/uploads\/2025\/08\/GC_SECUNDARIO_BLANCO_FONDO_TRANSPARENTE-1-2.svg","width":194,"height":84,"caption":"GC"},"image":{"@id":"https:\/\/gycperu.com\/web\/#\/schema\/logo\/image\/"}}]}},"_links":{"self":[{"href":"https:\/\/gycperu.com\/web\/wp-json\/wp\/v2\/pages\/1183","targetHints":{"allow":["GET"]}}],"collection":[{"href":"https:\/\/gycperu.com\/web\/wp-json\/wp\/v2\/pages"}],"about":[{"href":"https:\/\/gycperu.com\/web\/wp-json\/wp\/v2\/types\/page"}],"author":[{"embeddable":true,"href":"https:\/\/gycperu.com\/web\/wp-json\/wp\/v2\/users\/1"}],"replies":[{"embeddable":true,"href":"https:\/\/gycperu.com\/web\/wp-json\/wp\/v2\/comments?post=1183"}],"version-history":[{"count":6,"href":"https:\/\/gycperu.com\/web\/wp-json\/wp\/v2\/pages\/1183\/revisions"}],"predecessor-version":[{"id":4556,"href":"https:\/\/gycperu.com\/web\/wp-json\/wp\/v2\/pages\/1183\/revisions\/4556"}],"up":[{"embeddable":true,"href":"https:\/\/gycperu.com\/web\/wp-json\/wp\/v2\/pages\/986"}],"wp:attachment":[{"href":"https:\/\/gycperu.com\/web\/wp-json\/wp\/v2\/media?parent=1183"}],"curies":[{"name":"wp","href":"https:\/\/api.w.org\/{rel}","templated":true}]}}