{"id":159,"date":"2025-08-22T18:00:15","date_gmt":"2025-08-22T16:00:15","guid":{"rendered":"https:\/\/gycperu.com\/web?page_id=159"},"modified":"2025-09-23T07:19:14","modified_gmt":"2025-09-23T05:19:14","slug":"historia","status":"publish","type":"page","link":"https:\/\/gycperu.com\/web\/nosotros\/historia\/","title":{"rendered":"Historia"},"content":{"rendered":"\t\t<div data-elementor-type=\"wp-page\" data-elementor-id=\"159\" class=\"elementor elementor-159\" data-elementor-settings=\"{&quot;ha_cmc_init_switcher&quot;:&quot;no&quot;}\" data-elementor-post-type=\"page\">\r\n\t\t\t\t<div class=\"elementor-element elementor-element-d7791b8 e-con-full e-flex e-con e-parent\" data-id=\"d7791b8\" data-element_type=\"container\" data-settings=\"{&quot;background_background&quot;:&quot;classic&quot;,&quot;_ha_eqh_enable&quot;:false}\">\r\n\t\t<div class=\"elementor-element elementor-element-44eaa69 e-con-full e-flex e-con e-child\" data-id=\"44eaa69\" data-element_type=\"container\" data-settings=\"{&quot;_ha_eqh_enable&quot;:false}\">\r\n\t\t<div class=\"elementor-element elementor-element-27fc856 e-con-full e-flex e-con e-child\" data-id=\"27fc856\" data-element_type=\"container\" data-settings=\"{&quot;_ha_eqh_enable&quot;:false}\">\r\n\t\t\t\t<div class=\"elementor-element elementor-element-4ab8845 elementor-widget elementor-widget-heading\" data-id=\"4ab8845\" data-element_type=\"widget\" data-widget_type=\"heading.default\">\r\n\t\t\t\t\t<h2 class=\"elementor-heading-title elementor-size-default\">Historia<\/h2>\t\t\t\t<\/div>\r\n\t\t\t\t<div class=\"elementor-element elementor-element-4cdde24 elementor-widget__width-initial elementor-widget elementor-widget-text-editor\" data-id=\"4cdde24\" data-element_type=\"widget\" data-widget_type=\"text-editor.default\">\r\n\t\t\t\t\t\t\t\t\t<p>Nuestra historia comenz\u00f3 en Cajamarca, con los retos que esta emblem\u00e1tica regi\u00f3n propon\u00eda por su ruralidad, pobreza y falta de infraestructura. Sin embargo, en los primeros a\u00f1os del siglo XXI, esta regi\u00f3n tambi\u00e9n destacaba por su gran potencial minero y en esa din\u00e1mica se iniciaron una serie de experiencias para enfrentar la alta desnutrici\u00f3n imperante, la falta de saneamiento y servicios de agua, entre otros retos.\u00a0<br \/>\u00a0<br \/>Hace 25 a\u00f1os, un grupo de profesionales ligados a la salud y el desarrollo unimos nuestra experiencia para Generar Capacidades, identificando a los ciudadanos como los verdaderos actores de cambio<br \/>\u00a0<br \/>Ahora nuestras dos unidades estrat\u00e9gicas: GC Salud y GC Social trabajan en soluciones innovadoras y adecuadas a cada regi\u00f3n del pa\u00eds, enfoc\u00e1ndonos en las capacidades y vocaci\u00f3n de sus actores estrat\u00e9gicos p\u00fablicos, privados y de la comunidad, para asumir un compromiso real y sostenible en el tiempo.<\/p>\t\t\t\t\t\t\t\t<\/div>\r\n\t\t\t\t<\/div>\r\n\t\t<div class=\"elementor-element elementor-element-768156e e-con-full e-flex e-con e-child\" data-id=\"768156e\" data-element_type=\"container\" data-settings=\"{&quot;_ha_eqh_enable&quot;:false}\">\r\n\t\t\t\t<div class=\"elementor-element elementor-element-b13ec11 carrousel elementor-pagination-type-bullets elementor-pagination-position-outside elementor-widget elementor-widget-n-carousel\" data-id=\"b13ec11\" data-element_type=\"widget\" data-settings=\"{&quot;carousel_items&quot;:[{&quot;slide_title&quot;:&quot;Slide #1&quot;,&quot;_id&quot;:&quot;8757e3b&quot;},{&quot;slide_title&quot;:&quot;Slide #2&quot;,&quot;_id&quot;:&quot;962cd3d&quot;},{&quot;slide_title&quot;:&quot;Slide #3&quot;,&quot;_id&quot;:&quot;476742a&quot;}],&quot;slides_to_show&quot;:&quot;1&quot;,&quot;slides_to_scroll&quot;:&quot;1&quot;,&quot;autoplay_speed&quot;:3000,&quot;slides_to_show_tablet&quot;:&quot;1&quot;,&quot;slides_to_show_mobile&quot;:&quot;1&quot;,&quot;autoplay&quot;:&quot;yes&quot;,&quot;pause_on_hover&quot;:&quot;yes&quot;,&quot;pause_on_interaction&quot;:&quot;yes&quot;,&quot;infinite&quot;:&quot;yes&quot;,&quot;speed&quot;:500,&quot;offset_sides&quot;:&quot;none&quot;,&quot;pagination&quot;:&quot;bullets&quot;,&quot;image_spacing_custom&quot;:{&quot;unit&quot;:&quot;px&quot;,&quot;size&quot;:10,&quot;sizes&quot;:[]},&quot;image_spacing_custom_tablet&quot;:{&quot;unit&quot;:&quot;px&quot;,&quot;size&quot;:&quot;&quot;,&quot;sizes&quot;:[]},&quot;image_spacing_custom_mobile&quot;:{&quot;unit&quot;:&quot;px&quot;,&quot;size&quot;:&quot;&quot;,&quot;sizes&quot;:[]}}\" data-widget_type=\"nested-carousel.default\">\r\n\t\t\t\t\t\t\t<div class=\"e-n-carousel swiper\" role=\"region\" aria-roledescription=\"carousel\" aria-label=\"Carousel\" dir=\"ltr\">\r\n\t\t\t<div class=\"swiper-wrapper\" aria-live=\"off\">\r\n\t\t\t\t\t\t\t\t\t\t<div class=\"swiper-slide\" data-slide=\"1\" role=\"group\" aria-roledescription=\"slide\" aria-label=\"1 of 3\">\r\n\t\t\t\t\t\t\t<div class=\"elementor-element elementor-element-e85bf65 e-con-full e-flex e-con e-child\" data-id=\"e85bf65\" data-element_type=\"container\" data-settings=\"{&quot;background_background&quot;:&quot;classic&quot;,&quot;_ha_eqh_enable&quot;:false}\">\r\n\t\t\t\t<\/div>\r\n\t\t\t\t\t\t\t\t<\/div>\r\n\t\t\t\t\t\t\t\t\t\t\t<div class=\"swiper-slide\" data-slide=\"2\" role=\"group\" aria-roledescription=\"slide\" aria-label=\"2 of 3\">\r\n\t\t\t\t\t\t\t<div class=\"elementor-element elementor-element-80f63fb e-con-full e-flex e-con e-child\" data-id=\"80f63fb\" data-element_type=\"container\" data-settings=\"{&quot;background_background&quot;:&quot;classic&quot;,&quot;_ha_eqh_enable&quot;:false}\">\r\n\t\t\t\t<\/div>\r\n\t\t\t\t\t\t\t\t<\/div>\r\n\t\t\t\t\t\t\t\t\t\t\t<div class=\"swiper-slide\" data-slide=\"3\" role=\"group\" aria-roledescription=\"slide\" aria-label=\"3 of 3\">\r\n\t\t\t\t\t\t\t<div class=\"elementor-element elementor-element-0fc8bac e-con-full e-flex e-con e-child\" data-id=\"0fc8bac\" data-element_type=\"container\" data-settings=\"{&quot;background_background&quot;:&quot;classic&quot;,&quot;_ha_eqh_enable&quot;:false}\">\r\n\t\t\t\t<\/div>\r\n\t\t\t\t\t\t\t\t<\/div>\r\n\t\t\t\t\t\t\t\t<\/div>\r\n\t\t<\/div>\r\n\t\t\t\t\t<div class=\"swiper-pagination\"><\/div>\r\n\t\t\t\t\t\t<\/div>\r\n\t\t\t\t<\/div>\r\n\t\t\t\t<\/div>\r\n\t\t\t\t<\/div>\r\n\t\t\t\t<\/div>\r\n\t\t","protected":false},"excerpt":{"rendered":"<p>Historia Nuestra historia comenz\u00f3 en Cajamarca, con los retos que esta emblem\u00e1tica regi\u00f3n propon\u00eda por su ruralidad, pobreza y falta de infraestructura. Sin embargo, en los primeros a\u00f1os del siglo XXI, esta regi\u00f3n tambi\u00e9n destacaba por su gran potencial minero y en esa din\u00e1mica se iniciaron una serie de experiencias para enfrentar la alta desnutrici\u00f3n [&hellip;]<\/p>\n","protected":false},"author":1,"featured_media":0,"parent":0,"menu_order":0,"comment_status":"closed","ping_status":"closed","template":"","meta":{"_acf_changed":false,"footnotes":""},"class_list":["post-159","page","type-page","status-publish","hentry"],"acf":[],"yoast_head":"<!-- This site is optimized with the Yoast SEO plugin v25.9 - https:\/\/yoast.com\/wordpress\/plugins\/seo\/ -->\n<title>Historia - GC<\/title>\n<meta name=\"robots\" content=\"index, follow, max-snippet:-1, max-image-preview:large, max-video-preview:-1\" \/>\n<link rel=\"canonical\" href=\"https:\/\/gycperu.com\/web\/nosotros\/historia\/\" \/>\n<meta property=\"og:locale\" content=\"es_ES\" \/>\n<meta property=\"og:type\" content=\"article\" \/>\n<meta property=\"og:title\" content=\"Historia - GC\" \/>\n<meta property=\"og:description\" content=\"Historia Nuestra historia comenz\u00f3 en Cajamarca, con los retos que esta emblem\u00e1tica regi\u00f3n propon\u00eda por su ruralidad, pobreza y falta de infraestructura. Sin embargo, en los primeros a\u00f1os del siglo XXI, esta regi\u00f3n tambi\u00e9n destacaba por su gran potencial minero y en esa din\u00e1mica se iniciaron una serie de experiencias para enfrentar la alta desnutrici\u00f3n [&hellip;]\" \/>\n<meta property=\"og:url\" content=\"https:\/\/gycperu.com\/web\/nosotros\/historia\/\" \/>\n<meta property=\"og:site_name\" content=\"GC\" \/>\n<meta property=\"article:modified_time\" content=\"2025-09-23T05:19:14+00:00\" \/>\n<meta name=\"twitter:card\" content=\"summary_large_image\" \/>\n<meta name=\"twitter:label1\" content=\"Tiempo de lectura\" \/>\n\t<meta name=\"twitter:data1\" content=\"1 minuto\" \/>\n<script type=\"application\/ld+json\" class=\"yoast-schema-graph\">{\"@context\":\"https:\/\/schema.org\",\"@graph\":[{\"@type\":\"WebPage\",\"@id\":\"https:\/\/gycperu.com\/web\/nosotros\/historia\/\",\"url\":\"https:\/\/gycperu.com\/web\/nosotros\/historia\/\",\"name\":\"Historia - GC\",\"isPartOf\":{\"@id\":\"https:\/\/gycperu.com\/web\/#website\"},\"datePublished\":\"2025-08-22T16:00:15+00:00\",\"dateModified\":\"2025-09-23T05:19:14+00:00\",\"breadcrumb\":{\"@id\":\"https:\/\/gycperu.com\/web\/nosotros\/historia\/#breadcrumb\"},\"inLanguage\":\"es\",\"potentialAction\":[{\"@type\":\"ReadAction\",\"target\":[\"https:\/\/gycperu.com\/web\/nosotros\/historia\/\"]}]},{\"@type\":\"BreadcrumbList\",\"@id\":\"https:\/\/gycperu.com\/web\/nosotros\/historia\/#breadcrumb\",\"itemListElement\":[{\"@type\":\"ListItem\",\"position\":1,\"name\":\"Portada\",\"item\":\"https:\/\/gycperu.com\/web\/\"},{\"@type\":\"ListItem\",\"position\":2,\"name\":\"Historia\"}]},{\"@type\":\"WebSite\",\"@id\":\"https:\/\/gycperu.com\/web\/#website\",\"url\":\"https:\/\/gycperu.com\/web\/\",\"name\":\"GC\",\"description\":\"\",\"publisher\":{\"@id\":\"https:\/\/gycperu.com\/web\/#organization\"},\"potentialAction\":[{\"@type\":\"SearchAction\",\"target\":{\"@type\":\"EntryPoint\",\"urlTemplate\":\"https:\/\/gycperu.com\/web\/?s={search_term_string}\"},\"query-input\":{\"@type\":\"PropertyValueSpecification\",\"valueRequired\":true,\"valueName\":\"search_term_string\"}}],\"inLanguage\":\"es\"},{\"@type\":\"Organization\",\"@id\":\"https:\/\/gycperu.com\/web\/#organization\",\"name\":\"GC\",\"url\":\"https:\/\/gycperu.com\/web\/\",\"logo\":{\"@type\":\"ImageObject\",\"inLanguage\":\"es\",\"@id\":\"https:\/\/gycperu.com\/web\/#\/schema\/logo\/image\/\",\"url\":\"https:\/\/gycperu.com\/web\/wp-content\/uploads\/2025\/08\/GC_SECUNDARIO_BLANCO_FONDO_TRANSPARENTE-1-2.svg\",\"contentUrl\":\"https:\/\/gycperu.com\/web\/wp-content\/uploads\/2025\/08\/GC_SECUNDARIO_BLANCO_FONDO_TRANSPARENTE-1-2.svg\",\"width\":194,\"height\":84,\"caption\":\"GC\"},\"image\":{\"@id\":\"https:\/\/gycperu.com\/web\/#\/schema\/logo\/image\/\"}}]}<\/script>\n<!-- \/ Yoast SEO plugin. -->","yoast_head_json":{"title":"Historia - GC","robots":{"index":"index","follow":"follow","max-snippet":"max-snippet:-1","max-image-preview":"max-image-preview:large","max-video-preview":"max-video-preview:-1"},"canonical":"https:\/\/gycperu.com\/web\/nosotros\/historia\/","og_locale":"es_ES","og_type":"article","og_title":"Historia - GC","og_description":"Historia Nuestra historia comenz\u00f3 en Cajamarca, con los retos que esta emblem\u00e1tica regi\u00f3n propon\u00eda por su ruralidad, pobreza y falta de infraestructura. Sin embargo, en los primeros a\u00f1os del siglo XXI, esta regi\u00f3n tambi\u00e9n destacaba por su gran potencial minero y en esa din\u00e1mica se iniciaron una serie de experiencias para enfrentar la alta desnutrici\u00f3n [&hellip;]","og_url":"https:\/\/gycperu.com\/web\/nosotros\/historia\/","og_site_name":"GC","article_modified_time":"2025-09-23T05:19:14+00:00","twitter_card":"summary_large_image","twitter_misc":{"Tiempo de lectura":"1 minuto"},"schema":{"@context":"https:\/\/schema.org","@graph":[{"@type":"WebPage","@id":"https:\/\/gycperu.com\/web\/nosotros\/historia\/","url":"https:\/\/gycperu.com\/web\/nosotros\/historia\/","name":"Historia - GC","isPartOf":{"@id":"https:\/\/gycperu.com\/web\/#website"},"datePublished":"2025-08-22T16:00:15+00:00","dateModified":"2025-09-23T05:19:14+00:00","breadcrumb":{"@id":"https:\/\/gycperu.com\/web\/nosotros\/historia\/#breadcrumb"},"inLanguage":"es","potentialAction":[{"@type":"ReadAction","target":["https:\/\/gycperu.com\/web\/nosotros\/historia\/"]}]},{"@type":"BreadcrumbList","@id":"https:\/\/gycperu.com\/web\/nosotros\/historia\/#breadcrumb","itemListElement":[{"@type":"ListItem","position":1,"name":"Portada","item":"https:\/\/gycperu.com\/web\/"},{"@type":"ListItem","position":2,"name":"Historia"}]},{"@type":"WebSite","@id":"https:\/\/gycperu.com\/web\/#website","url":"https:\/\/gycperu.com\/web\/","name":"GC","description":"","publisher":{"@id":"https:\/\/gycperu.com\/web\/#organization"},"potentialAction":[{"@type":"SearchAction","target":{"@type":"EntryPoint","urlTemplate":"https:\/\/gycperu.com\/web\/?s={search_term_string}"},"query-input":{"@type":"PropertyValueSpecification","valueRequired":true,"valueName":"search_term_string"}}],"inLanguage":"es"},{"@type":"Organization","@id":"https:\/\/gycperu.com\/web\/#organization","name":"GC","url":"https:\/\/gycperu.com\/web\/","logo":{"@type":"ImageObject","inLanguage":"es","@id":"https:\/\/gycperu.com\/web\/#\/schema\/logo\/image\/","url":"https:\/\/gycperu.com\/web\/wp-content\/uploads\/2025\/08\/GC_SECUNDARIO_BLANCO_FONDO_TRANSPARENTE-1-2.svg","contentUrl":"https:\/\/gycperu.com\/web\/wp-content\/uploads\/2025\/08\/GC_SECUNDARIO_BLANCO_FONDO_TRANSPARENTE-1-2.svg","width":194,"height":84,"caption":"GC"},"image":{"@id":"https:\/\/gycperu.com\/web\/#\/schema\/logo\/image\/"}}]}},"_links":{"self":[{"href":"https:\/\/gycperu.com\/web\/wp-json\/wp\/v2\/pages\/159","targetHints":{"allow":["GET"]}}],"collection":[{"href":"https:\/\/gycperu.com\/web\/wp-json\/wp\/v2\/pages"}],"about":[{"href":"https:\/\/gycperu.com\/web\/wp-json\/wp\/v2\/types\/page"}],"author":[{"embeddable":true,"href":"https:\/\/gycperu.com\/web\/wp-json\/wp\/v2\/users\/1"}],"replies":[{"embeddable":true,"href":"https:\/\/gycperu.com\/web\/wp-json\/wp\/v2\/comments?post=159"}],"version-history":[{"count":6,"href":"https:\/\/gycperu.com\/web\/wp-json\/wp\/v2\/pages\/159\/revisions"}],"predecessor-version":[{"id":4361,"href":"https:\/\/gycperu.com\/web\/wp-json\/wp\/v2\/pages\/159\/revisions\/4361"}],"wp:attachment":[{"href":"https:\/\/gycperu.com\/web\/wp-json\/wp\/v2\/media?parent=159"}],"curies":[{"name":"wp","href":"https:\/\/api.w.org\/{rel}","templated":true}]}}