{"id":304,"date":"2025-08-25T16:52:11","date_gmt":"2025-08-25T14:52:11","guid":{"rendered":"https:\/\/gycperu.com\/web?page_id=304"},"modified":"2025-09-22T19:14:44","modified_gmt":"2025-09-22T17:14:44","slug":"quienes-somos","status":"publish","type":"page","link":"https:\/\/gycperu.com\/web\/gc-salud\/quienes-somos\/","title":{"rendered":"\u00bfQui\u00e9nes somos?"},"content":{"rendered":"\t\t<div data-elementor-type=\"wp-page\" data-elementor-id=\"304\" class=\"elementor elementor-304\" data-elementor-settings=\"{&quot;ha_cmc_init_switcher&quot;:&quot;no&quot;}\" data-elementor-post-type=\"page\">\r\n\t\t\t\t<div class=\"elementor-element elementor-element-714c0ab e-con-full e-flex e-con e-parent\" data-id=\"714c0ab\" data-element_type=\"container\" data-settings=\"{&quot;background_background&quot;:&quot;classic&quot;,&quot;_ha_eqh_enable&quot;:false}\">\r\n\t\t\t\t<div class=\"elementor-element elementor-element-22cadb7 elementor-widget elementor-widget-heading\" data-id=\"22cadb7\" data-element_type=\"widget\" data-widget_type=\"heading.default\">\r\n\t\t\t\t\t<h2 class=\"elementor-heading-title elementor-size-default\">\u00bfQui\u00e9nes somos?<\/h2>\t\t\t\t<\/div>\r\n\t\t<div class=\"elementor-element elementor-element-48690f0 e-con-full e-flex e-con e-child\" data-id=\"48690f0\" data-element_type=\"container\" data-settings=\"{&quot;_ha_eqh_enable&quot;:false}\">\r\n\t\t<div class=\"elementor-element elementor-element-d249e5d e-con-full e-flex e-con e-child\" data-id=\"d249e5d\" data-element_type=\"container\" data-settings=\"{&quot;_ha_eqh_enable&quot;:false}\">\r\n\t\t\t\t<div class=\"elementor-element elementor-element-c38f666 elementor-widget__width-initial elementor-widget elementor-widget-text-editor\" data-id=\"c38f666\" data-element_type=\"widget\" data-widget_type=\"text-editor.default\">\r\n\t\t\t\t\t\t\t\t\t<p>En GC Salud nuestro enfoque se orienta hacia el bienestar com\u00fan.\u00a0 Es por eso que trabajamos con familias, barrios, escuelas, gobiernos locales y el gobierno nacional en lo que concierne a salud f\u00edsica y mental.\u00a0 Nos caracterizamos por crear entornos saludables que impacten y transformen, en donde se necesite y hasta donde tengamos que llegar.<br \/>Nuestro inter\u00e9s se centra en desarrollar estrategias ligadas a la tecnolog\u00eda y el avance de las telecomunicaciones para soportar nuestras investigaciones y asistencia t\u00e9cnica en la gesti\u00f3n en salud, lo que nos permite fortalecer las capacidades de l\u00edderes y equipos de salud a nivel nacional, regional y local; as\u00ed como desarrollar soluciones digitales que les permitan el acceso f\u00e1cil y simple en la atenci\u00f3n en salud. Somos conscientes de los retos geogr\u00e1ficos que nos propone el Per\u00fa, es por eso que estar a la vanguardia del desarrollo de la Telesalud es fundamental.<\/p>\t\t\t\t\t\t\t\t<\/div>\r\n\t\t\t\t<\/div>\r\n\t\t<div class=\"elementor-element elementor-element-fc789c3 e-con-full elementor-hidden-desktop elementor-hidden-tablet e-flex e-con e-child\" data-id=\"fc789c3\" data-element_type=\"container\" data-settings=\"{&quot;_ha_eqh_enable&quot;:false}\">\r\n\t\t\t\t<div class=\"elementor-element elementor-element-fc7eb5e elementor-widget elementor-widget-video\" data-id=\"fc7eb5e\" data-element_type=\"widget\" data-settings=\"{&quot;youtube_url&quot;:&quot;https:\\\/\\\/www.youtube.com\\\/watch?v=CbAhq-F4cTo&amp;t=2s&quot;,&quot;video_type&quot;:&quot;youtube&quot;,&quot;controls&quot;:&quot;yes&quot;}\" data-widget_type=\"video.default\">\r\n\t\t\t\t\t\t\t<div class=\"elementor-wrapper elementor-open-inline\">\r\n\t\t\t<div class=\"elementor-video\"><\/div>\t\t<\/div>\r\n\t\t\t\t\t\t<\/div>\r\n\t\t\t\t<\/div>\r\n\t\t<div class=\"elementor-element elementor-element-4f045f2 e-con-full elementor-hidden-mobile e-flex e-con e-child\" data-id=\"4f045f2\" data-element_type=\"container\" data-settings=\"{&quot;_ha_eqh_enable&quot;:false}\">\r\n\t\t\t\t<div class=\"elementor-element elementor-element-0111157 elementor-widget elementor-widget-video\" data-id=\"0111157\" data-element_type=\"widget\" data-settings=\"{&quot;youtube_url&quot;:&quot;https:\\\/\\\/www.youtube.com\\\/watch?v=CbAhq-F4cTo&quot;,&quot;video_type&quot;:&quot;youtube&quot;,&quot;controls&quot;:&quot;yes&quot;}\" data-widget_type=\"video.default\">\r\n\t\t\t\t\t\t\t<div class=\"elementor-wrapper elementor-open-inline\">\r\n\t\t\t<div class=\"elementor-video\"><\/div>\t\t<\/div>\r\n\t\t\t\t\t\t<\/div>\r\n\t\t\t\t<\/div>\r\n\t\t\t\t<\/div>\r\n\t\t\t\t<\/div>\r\n\t\t\t\t<\/div>\r\n\t\t","protected":false},"excerpt":{"rendered":"<p>\u00bfQui\u00e9nes somos? En GC Salud nuestro enfoque se orienta hacia el bienestar com\u00fan.\u00a0 Es por eso que trabajamos con familias, barrios, escuelas, gobiernos locales y el gobierno nacional en lo que concierne a salud f\u00edsica y mental.\u00a0 Nos caracterizamos por crear entornos saludables que impacten y transformen, en donde se necesite y hasta donde tengamos [&hellip;]<\/p>\n","protected":false},"author":1,"featured_media":0,"parent":15,"menu_order":0,"comment_status":"closed","ping_status":"closed","template":"","meta":{"_acf_changed":false,"footnotes":""},"class_list":["post-304","page","type-page","status-publish","hentry"],"acf":[],"yoast_head":"<!-- This site is optimized with the Yoast SEO plugin v25.9 - https:\/\/yoast.com\/wordpress\/plugins\/seo\/ -->\n<title>\u00bfQui\u00e9nes somos? - GC<\/title>\n<meta name=\"robots\" content=\"index, follow, max-snippet:-1, max-image-preview:large, max-video-preview:-1\" \/>\n<link rel=\"canonical\" href=\"https:\/\/gycperu.com\/web\/gc-salud\/quienes-somos\/\" \/>\n<meta property=\"og:locale\" content=\"es_ES\" \/>\n<meta property=\"og:type\" content=\"article\" \/>\n<meta property=\"og:title\" content=\"\u00bfQui\u00e9nes somos? - GC\" \/>\n<meta property=\"og:description\" content=\"\u00bfQui\u00e9nes somos? En GC Salud nuestro enfoque se orienta hacia el bienestar com\u00fan.\u00a0 Es por eso que trabajamos con familias, barrios, escuelas, gobiernos locales y el gobierno nacional en lo que concierne a salud f\u00edsica y mental.\u00a0 Nos caracterizamos por crear entornos saludables que impacten y transformen, en donde se necesite y hasta donde tengamos [&hellip;]\" \/>\n<meta property=\"og:url\" content=\"https:\/\/gycperu.com\/web\/gc-salud\/quienes-somos\/\" \/>\n<meta property=\"og:site_name\" content=\"GC\" \/>\n<meta property=\"article:modified_time\" content=\"2025-09-22T17:14:44+00:00\" \/>\n<meta name=\"twitter:card\" content=\"summary_large_image\" \/>\n<meta name=\"twitter:label1\" content=\"Tiempo de lectura\" \/>\n\t<meta name=\"twitter:data1\" content=\"1 minuto\" \/>\n<script type=\"application\/ld+json\" class=\"yoast-schema-graph\">{\"@context\":\"https:\/\/schema.org\",\"@graph\":[{\"@type\":\"WebPage\",\"@id\":\"https:\/\/gycperu.com\/web\/gc-salud\/quienes-somos\/\",\"url\":\"https:\/\/gycperu.com\/web\/gc-salud\/quienes-somos\/\",\"name\":\"\u00bfQui\u00e9nes somos? - GC\",\"isPartOf\":{\"@id\":\"https:\/\/gycperu.com\/web\/#website\"},\"datePublished\":\"2025-08-25T14:52:11+00:00\",\"dateModified\":\"2025-09-22T17:14:44+00:00\",\"breadcrumb\":{\"@id\":\"https:\/\/gycperu.com\/web\/gc-salud\/quienes-somos\/#breadcrumb\"},\"inLanguage\":\"es\",\"potentialAction\":[{\"@type\":\"ReadAction\",\"target\":[\"https:\/\/gycperu.com\/web\/gc-salud\/quienes-somos\/\"]}]},{\"@type\":\"BreadcrumbList\",\"@id\":\"https:\/\/gycperu.com\/web\/gc-salud\/quienes-somos\/#breadcrumb\",\"itemListElement\":[{\"@type\":\"ListItem\",\"position\":1,\"name\":\"Portada\",\"item\":\"https:\/\/gycperu.com\/web\/\"},{\"@type\":\"ListItem\",\"position\":2,\"name\":\"GC Salud\",\"item\":\"https:\/\/gycperu.com\/web\/gc-salud\/\"},{\"@type\":\"ListItem\",\"position\":3,\"name\":\"\u00bfQui\u00e9nes somos?\"}]},{\"@type\":\"WebSite\",\"@id\":\"https:\/\/gycperu.com\/web\/#website\",\"url\":\"https:\/\/gycperu.com\/web\/\",\"name\":\"GC\",\"description\":\"\",\"publisher\":{\"@id\":\"https:\/\/gycperu.com\/web\/#organization\"},\"potentialAction\":[{\"@type\":\"SearchAction\",\"target\":{\"@type\":\"EntryPoint\",\"urlTemplate\":\"https:\/\/gycperu.com\/web\/?s={search_term_string}\"},\"query-input\":{\"@type\":\"PropertyValueSpecification\",\"valueRequired\":true,\"valueName\":\"search_term_string\"}}],\"inLanguage\":\"es\"},{\"@type\":\"Organization\",\"@id\":\"https:\/\/gycperu.com\/web\/#organization\",\"name\":\"GC\",\"url\":\"https:\/\/gycperu.com\/web\/\",\"logo\":{\"@type\":\"ImageObject\",\"inLanguage\":\"es\",\"@id\":\"https:\/\/gycperu.com\/web\/#\/schema\/logo\/image\/\",\"url\":\"https:\/\/gycperu.com\/web\/wp-content\/uploads\/2025\/08\/GC_SECUNDARIO_BLANCO_FONDO_TRANSPARENTE-1-2.svg\",\"contentUrl\":\"https:\/\/gycperu.com\/web\/wp-content\/uploads\/2025\/08\/GC_SECUNDARIO_BLANCO_FONDO_TRANSPARENTE-1-2.svg\",\"width\":194,\"height\":84,\"caption\":\"GC\"},\"image\":{\"@id\":\"https:\/\/gycperu.com\/web\/#\/schema\/logo\/image\/\"}}]}<\/script>\n<!-- \/ Yoast SEO plugin. -->","yoast_head_json":{"title":"\u00bfQui\u00e9nes somos? - GC","robots":{"index":"index","follow":"follow","max-snippet":"max-snippet:-1","max-image-preview":"max-image-preview:large","max-video-preview":"max-video-preview:-1"},"canonical":"https:\/\/gycperu.com\/web\/gc-salud\/quienes-somos\/","og_locale":"es_ES","og_type":"article","og_title":"\u00bfQui\u00e9nes somos? - GC","og_description":"\u00bfQui\u00e9nes somos? En GC Salud nuestro enfoque se orienta hacia el bienestar com\u00fan.\u00a0 Es por eso que trabajamos con familias, barrios, escuelas, gobiernos locales y el gobierno nacional en lo que concierne a salud f\u00edsica y mental.\u00a0 Nos caracterizamos por crear entornos saludables que impacten y transformen, en donde se necesite y hasta donde tengamos [&hellip;]","og_url":"https:\/\/gycperu.com\/web\/gc-salud\/quienes-somos\/","og_site_name":"GC","article_modified_time":"2025-09-22T17:14:44+00:00","twitter_card":"summary_large_image","twitter_misc":{"Tiempo de lectura":"1 minuto"},"schema":{"@context":"https:\/\/schema.org","@graph":[{"@type":"WebPage","@id":"https:\/\/gycperu.com\/web\/gc-salud\/quienes-somos\/","url":"https:\/\/gycperu.com\/web\/gc-salud\/quienes-somos\/","name":"\u00bfQui\u00e9nes somos? - GC","isPartOf":{"@id":"https:\/\/gycperu.com\/web\/#website"},"datePublished":"2025-08-25T14:52:11+00:00","dateModified":"2025-09-22T17:14:44+00:00","breadcrumb":{"@id":"https:\/\/gycperu.com\/web\/gc-salud\/quienes-somos\/#breadcrumb"},"inLanguage":"es","potentialAction":[{"@type":"ReadAction","target":["https:\/\/gycperu.com\/web\/gc-salud\/quienes-somos\/"]}]},{"@type":"BreadcrumbList","@id":"https:\/\/gycperu.com\/web\/gc-salud\/quienes-somos\/#breadcrumb","itemListElement":[{"@type":"ListItem","position":1,"name":"Portada","item":"https:\/\/gycperu.com\/web\/"},{"@type":"ListItem","position":2,"name":"GC Salud","item":"https:\/\/gycperu.com\/web\/gc-salud\/"},{"@type":"ListItem","position":3,"name":"\u00bfQui\u00e9nes somos?"}]},{"@type":"WebSite","@id":"https:\/\/gycperu.com\/web\/#website","url":"https:\/\/gycperu.com\/web\/","name":"GC","description":"","publisher":{"@id":"https:\/\/gycperu.com\/web\/#organization"},"potentialAction":[{"@type":"SearchAction","target":{"@type":"EntryPoint","urlTemplate":"https:\/\/gycperu.com\/web\/?s={search_term_string}"},"query-input":{"@type":"PropertyValueSpecification","valueRequired":true,"valueName":"search_term_string"}}],"inLanguage":"es"},{"@type":"Organization","@id":"https:\/\/gycperu.com\/web\/#organization","name":"GC","url":"https:\/\/gycperu.com\/web\/","logo":{"@type":"ImageObject","inLanguage":"es","@id":"https:\/\/gycperu.com\/web\/#\/schema\/logo\/image\/","url":"https:\/\/gycperu.com\/web\/wp-content\/uploads\/2025\/08\/GC_SECUNDARIO_BLANCO_FONDO_TRANSPARENTE-1-2.svg","contentUrl":"https:\/\/gycperu.com\/web\/wp-content\/uploads\/2025\/08\/GC_SECUNDARIO_BLANCO_FONDO_TRANSPARENTE-1-2.svg","width":194,"height":84,"caption":"GC"},"image":{"@id":"https:\/\/gycperu.com\/web\/#\/schema\/logo\/image\/"}}]}},"_links":{"self":[{"href":"https:\/\/gycperu.com\/web\/wp-json\/wp\/v2\/pages\/304","targetHints":{"allow":["GET"]}}],"collection":[{"href":"https:\/\/gycperu.com\/web\/wp-json\/wp\/v2\/pages"}],"about":[{"href":"https:\/\/gycperu.com\/web\/wp-json\/wp\/v2\/types\/page"}],"author":[{"embeddable":true,"href":"https:\/\/gycperu.com\/web\/wp-json\/wp\/v2\/users\/1"}],"replies":[{"embeddable":true,"href":"https:\/\/gycperu.com\/web\/wp-json\/wp\/v2\/comments?post=304"}],"version-history":[{"count":15,"href":"https:\/\/gycperu.com\/web\/wp-json\/wp\/v2\/pages\/304\/revisions"}],"predecessor-version":[{"id":4392,"href":"https:\/\/gycperu.com\/web\/wp-json\/wp\/v2\/pages\/304\/revisions\/4392"}],"up":[{"embeddable":true,"href":"https:\/\/gycperu.com\/web\/wp-json\/wp\/v2\/pages\/15"}],"wp:attachment":[{"href":"https:\/\/gycperu.com\/web\/wp-json\/wp\/v2\/media?parent=304"}],"curies":[{"name":"wp","href":"https:\/\/api.w.org\/{rel}","templated":true}]}}