{"id":984,"date":"2025-08-27T16:56:26","date_gmt":"2025-08-27T14:56:26","guid":{"rendered":"https:\/\/gycperu.com\/web?page_id=984"},"modified":"2025-09-22T19:21:41","modified_gmt":"2025-09-22T17:21:41","slug":"quienes-somos","status":"publish","type":"page","link":"https:\/\/gycperu.com\/web\/gc-social\/quienes-somos\/","title":{"rendered":"\u00bfQui\u00e9nes somos?"},"content":{"rendered":"\t\t<div data-elementor-type=\"wp-page\" data-elementor-id=\"984\" class=\"elementor elementor-984\" data-elementor-settings=\"{&quot;ha_cmc_init_switcher&quot;:&quot;no&quot;}\" data-elementor-post-type=\"page\">\r\n\t\t\t\t<div class=\"elementor-element elementor-element-127667e e-con-full e-flex e-con e-parent\" data-id=\"127667e\" data-element_type=\"container\" data-settings=\"{&quot;background_background&quot;:&quot;classic&quot;,&quot;_ha_eqh_enable&quot;:false}\">\r\n\t\t\t\t<div class=\"elementor-element elementor-element-b11e27d elementor-widget elementor-widget-heading\" data-id=\"b11e27d\" data-element_type=\"widget\" data-widget_type=\"heading.default\">\r\n\t\t\t\t\t<h2 class=\"elementor-heading-title elementor-size-default\">\u00bfQui\u00e9nes somos?<\/h2>\t\t\t\t<\/div>\r\n\t\t<div class=\"elementor-element elementor-element-00e1494 e-con-full e-flex e-con e-child\" data-id=\"00e1494\" data-element_type=\"container\" data-settings=\"{&quot;_ha_eqh_enable&quot;:false}\">\r\n\t\t<div class=\"elementor-element elementor-element-bee4541 e-con-full e-flex e-con e-child\" data-id=\"bee4541\" data-element_type=\"container\" data-settings=\"{&quot;_ha_eqh_enable&quot;:false}\">\r\n\t\t\t\t<div class=\"elementor-element elementor-element-09b12f6 elementor-widget__width-initial elementor-widget elementor-widget-text-editor\" data-id=\"09b12f6\" data-element_type=\"widget\" data-widget_type=\"text-editor.default\">\r\n\t\t\t\t\t\t\t\t\t<p>Somos un equipo de personas que sue\u00f1a con un pa\u00eds encaminado al desarrollo, cerrando brechas sociales que postergan el crecimiento y una vida mejor para nuestros compatriotas. Es por eso que complementamos nuestros conocimientos en salud y sumamos expertos comprometidos con el desarrollo del Per\u00fa. Peruanos con experiencia exitosa en la formulaci\u00f3n y gesti\u00f3n de proyectos sociales, por eso nace esta divisi\u00f3n estrat\u00e9gica.<br \/>En GC Social nuestro enfoque es comunitario e innovador. Buscamos implementar herramientas avanzadas en el manejo de datos y relacionamiento a la gesti\u00f3n social. Nuestro trabajo empieza conociendo y entendiendo a profundidad a nuestros p\u00fablicos, sus din\u00e1micas y realidades para poder dise\u00f1ar e implementar procesos sociales sobre relacionamiento con las comunidades, prevenci\u00f3n y gesti\u00f3n de conflictos, fortalecimiento de capacidades y gesti\u00f3n de la informaci\u00f3n.\u00a0<\/p><p>Sabemos que el soporte t\u00e9cnico y log\u00edstico son una parte importante en esta red de acci\u00f3n y nuestros objetivos nos permiten atenderlos de manera integral impulsando compras locales, trabajo local y desarrollo de capacidades.<\/p>\t\t\t\t\t\t\t\t<\/div>\r\n\t\t\t\t<\/div>\r\n\t\t<div class=\"elementor-element elementor-element-aa363c3 e-con-full elementor-hidden-desktop elementor-hidden-tablet e-flex e-con e-child\" data-id=\"aa363c3\" data-element_type=\"container\" data-settings=\"{&quot;_ha_eqh_enable&quot;:false}\">\r\n\t\t\t\t<div class=\"elementor-element elementor-element-52341be elementor-widget elementor-widget-video\" data-id=\"52341be\" data-element_type=\"widget\" data-settings=\"{&quot;youtube_url&quot;:&quot;https:\\\/\\\/www.youtube.com\\\/watch?v=NtUy8AIGrbM&quot;,&quot;video_type&quot;:&quot;youtube&quot;,&quot;controls&quot;:&quot;yes&quot;}\" data-widget_type=\"video.default\">\r\n\t\t\t\t\t\t\t<div class=\"elementor-wrapper elementor-open-inline\">\r\n\t\t\t<div class=\"elementor-video\"><\/div>\t\t<\/div>\r\n\t\t\t\t\t\t<\/div>\r\n\t\t\t\t<\/div>\r\n\t\t<div class=\"elementor-element elementor-element-fdb8be4 e-con-full elementor-hidden-mobile e-flex e-con e-child\" data-id=\"fdb8be4\" data-element_type=\"container\" data-settings=\"{&quot;_ha_eqh_enable&quot;:false}\">\r\n\t\t\t\t<div class=\"elementor-element elementor-element-9806479 elementor-widget elementor-widget-video\" data-id=\"9806479\" data-element_type=\"widget\" data-settings=\"{&quot;youtube_url&quot;:&quot;https:\\\/\\\/www.youtube.com\\\/watch?v=NtUy8AIGrbM&quot;,&quot;video_type&quot;:&quot;youtube&quot;,&quot;controls&quot;:&quot;yes&quot;}\" data-widget_type=\"video.default\">\r\n\t\t\t\t\t\t\t<div class=\"elementor-wrapper elementor-open-inline\">\r\n\t\t\t<div class=\"elementor-video\"><\/div>\t\t<\/div>\r\n\t\t\t\t\t\t<\/div>\r\n\t\t\t\t<\/div>\r\n\t\t\t\t<\/div>\r\n\t\t\t\t<\/div>\r\n\t\t\t\t<\/div>\r\n\t\t","protected":false},"excerpt":{"rendered":"<p>\u00bfQui\u00e9nes somos? Somos un equipo de personas que sue\u00f1a con un pa\u00eds encaminado al desarrollo, cerrando brechas sociales que postergan el crecimiento y una vida mejor para nuestros compatriotas. Es por eso que complementamos nuestros conocimientos en salud y sumamos expertos comprometidos con el desarrollo del Per\u00fa. Peruanos con experiencia exitosa en la formulaci\u00f3n y [&hellip;]<\/p>\n","protected":false},"author":1,"featured_media":0,"parent":17,"menu_order":0,"comment_status":"closed","ping_status":"closed","template":"","meta":{"_acf_changed":false,"footnotes":""},"class_list":["post-984","page","type-page","status-publish","hentry"],"acf":[],"yoast_head":"<!-- This site is optimized with the Yoast SEO plugin v25.9 - https:\/\/yoast.com\/wordpress\/plugins\/seo\/ -->\n<title>\u00bfQui\u00e9nes somos? - GC<\/title>\n<meta name=\"robots\" content=\"index, follow, max-snippet:-1, max-image-preview:large, max-video-preview:-1\" \/>\n<link rel=\"canonical\" href=\"https:\/\/gycperu.com\/web\/gc-social\/quienes-somos\/\" \/>\n<meta property=\"og:locale\" content=\"es_ES\" \/>\n<meta property=\"og:type\" content=\"article\" \/>\n<meta property=\"og:title\" content=\"\u00bfQui\u00e9nes somos? - GC\" \/>\n<meta property=\"og:description\" content=\"\u00bfQui\u00e9nes somos? Somos un equipo de personas que sue\u00f1a con un pa\u00eds encaminado al desarrollo, cerrando brechas sociales que postergan el crecimiento y una vida mejor para nuestros compatriotas. Es por eso que complementamos nuestros conocimientos en salud y sumamos expertos comprometidos con el desarrollo del Per\u00fa. Peruanos con experiencia exitosa en la formulaci\u00f3n y [&hellip;]\" \/>\n<meta property=\"og:url\" content=\"https:\/\/gycperu.com\/web\/gc-social\/quienes-somos\/\" \/>\n<meta property=\"og:site_name\" content=\"GC\" \/>\n<meta property=\"article:modified_time\" content=\"2025-09-22T17:21:41+00:00\" \/>\n<meta name=\"twitter:card\" content=\"summary_large_image\" \/>\n<meta name=\"twitter:label1\" content=\"Tiempo de lectura\" \/>\n\t<meta name=\"twitter:data1\" content=\"1 minuto\" \/>\n<script type=\"application\/ld+json\" class=\"yoast-schema-graph\">{\"@context\":\"https:\/\/schema.org\",\"@graph\":[{\"@type\":\"WebPage\",\"@id\":\"https:\/\/gycperu.com\/web\/gc-social\/quienes-somos\/\",\"url\":\"https:\/\/gycperu.com\/web\/gc-social\/quienes-somos\/\",\"name\":\"\u00bfQui\u00e9nes somos? - GC\",\"isPartOf\":{\"@id\":\"https:\/\/gycperu.com\/web\/#website\"},\"datePublished\":\"2025-08-27T14:56:26+00:00\",\"dateModified\":\"2025-09-22T17:21:41+00:00\",\"breadcrumb\":{\"@id\":\"https:\/\/gycperu.com\/web\/gc-social\/quienes-somos\/#breadcrumb\"},\"inLanguage\":\"es\",\"potentialAction\":[{\"@type\":\"ReadAction\",\"target\":[\"https:\/\/gycperu.com\/web\/gc-social\/quienes-somos\/\"]}]},{\"@type\":\"BreadcrumbList\",\"@id\":\"https:\/\/gycperu.com\/web\/gc-social\/quienes-somos\/#breadcrumb\",\"itemListElement\":[{\"@type\":\"ListItem\",\"position\":1,\"name\":\"Portada\",\"item\":\"https:\/\/gycperu.com\/web\/\"},{\"@type\":\"ListItem\",\"position\":2,\"name\":\"GC Social\",\"item\":\"https:\/\/gycperu.com\/web\/gc-social\/\"},{\"@type\":\"ListItem\",\"position\":3,\"name\":\"\u00bfQui\u00e9nes somos?\"}]},{\"@type\":\"WebSite\",\"@id\":\"https:\/\/gycperu.com\/web\/#website\",\"url\":\"https:\/\/gycperu.com\/web\/\",\"name\":\"GC\",\"description\":\"\",\"publisher\":{\"@id\":\"https:\/\/gycperu.com\/web\/#organization\"},\"potentialAction\":[{\"@type\":\"SearchAction\",\"target\":{\"@type\":\"EntryPoint\",\"urlTemplate\":\"https:\/\/gycperu.com\/web\/?s={search_term_string}\"},\"query-input\":{\"@type\":\"PropertyValueSpecification\",\"valueRequired\":true,\"valueName\":\"search_term_string\"}}],\"inLanguage\":\"es\"},{\"@type\":\"Organization\",\"@id\":\"https:\/\/gycperu.com\/web\/#organization\",\"name\":\"GC\",\"url\":\"https:\/\/gycperu.com\/web\/\",\"logo\":{\"@type\":\"ImageObject\",\"inLanguage\":\"es\",\"@id\":\"https:\/\/gycperu.com\/web\/#\/schema\/logo\/image\/\",\"url\":\"https:\/\/gycperu.com\/web\/wp-content\/uploads\/2025\/08\/GC_SECUNDARIO_BLANCO_FONDO_TRANSPARENTE-1-2.svg\",\"contentUrl\":\"https:\/\/gycperu.com\/web\/wp-content\/uploads\/2025\/08\/GC_SECUNDARIO_BLANCO_FONDO_TRANSPARENTE-1-2.svg\",\"width\":194,\"height\":84,\"caption\":\"GC\"},\"image\":{\"@id\":\"https:\/\/gycperu.com\/web\/#\/schema\/logo\/image\/\"}}]}<\/script>\n<!-- \/ Yoast SEO plugin. -->","yoast_head_json":{"title":"\u00bfQui\u00e9nes somos? - GC","robots":{"index":"index","follow":"follow","max-snippet":"max-snippet:-1","max-image-preview":"max-image-preview:large","max-video-preview":"max-video-preview:-1"},"canonical":"https:\/\/gycperu.com\/web\/gc-social\/quienes-somos\/","og_locale":"es_ES","og_type":"article","og_title":"\u00bfQui\u00e9nes somos? - GC","og_description":"\u00bfQui\u00e9nes somos? Somos un equipo de personas que sue\u00f1a con un pa\u00eds encaminado al desarrollo, cerrando brechas sociales que postergan el crecimiento y una vida mejor para nuestros compatriotas. Es por eso que complementamos nuestros conocimientos en salud y sumamos expertos comprometidos con el desarrollo del Per\u00fa. Peruanos con experiencia exitosa en la formulaci\u00f3n y [&hellip;]","og_url":"https:\/\/gycperu.com\/web\/gc-social\/quienes-somos\/","og_site_name":"GC","article_modified_time":"2025-09-22T17:21:41+00:00","twitter_card":"summary_large_image","twitter_misc":{"Tiempo de lectura":"1 minuto"},"schema":{"@context":"https:\/\/schema.org","@graph":[{"@type":"WebPage","@id":"https:\/\/gycperu.com\/web\/gc-social\/quienes-somos\/","url":"https:\/\/gycperu.com\/web\/gc-social\/quienes-somos\/","name":"\u00bfQui\u00e9nes somos? - GC","isPartOf":{"@id":"https:\/\/gycperu.com\/web\/#website"},"datePublished":"2025-08-27T14:56:26+00:00","dateModified":"2025-09-22T17:21:41+00:00","breadcrumb":{"@id":"https:\/\/gycperu.com\/web\/gc-social\/quienes-somos\/#breadcrumb"},"inLanguage":"es","potentialAction":[{"@type":"ReadAction","target":["https:\/\/gycperu.com\/web\/gc-social\/quienes-somos\/"]}]},{"@type":"BreadcrumbList","@id":"https:\/\/gycperu.com\/web\/gc-social\/quienes-somos\/#breadcrumb","itemListElement":[{"@type":"ListItem","position":1,"name":"Portada","item":"https:\/\/gycperu.com\/web\/"},{"@type":"ListItem","position":2,"name":"GC Social","item":"https:\/\/gycperu.com\/web\/gc-social\/"},{"@type":"ListItem","position":3,"name":"\u00bfQui\u00e9nes somos?"}]},{"@type":"WebSite","@id":"https:\/\/gycperu.com\/web\/#website","url":"https:\/\/gycperu.com\/web\/","name":"GC","description":"","publisher":{"@id":"https:\/\/gycperu.com\/web\/#organization"},"potentialAction":[{"@type":"SearchAction","target":{"@type":"EntryPoint","urlTemplate":"https:\/\/gycperu.com\/web\/?s={search_term_string}"},"query-input":{"@type":"PropertyValueSpecification","valueRequired":true,"valueName":"search_term_string"}}],"inLanguage":"es"},{"@type":"Organization","@id":"https:\/\/gycperu.com\/web\/#organization","name":"GC","url":"https:\/\/gycperu.com\/web\/","logo":{"@type":"ImageObject","inLanguage":"es","@id":"https:\/\/gycperu.com\/web\/#\/schema\/logo\/image\/","url":"https:\/\/gycperu.com\/web\/wp-content\/uploads\/2025\/08\/GC_SECUNDARIO_BLANCO_FONDO_TRANSPARENTE-1-2.svg","contentUrl":"https:\/\/gycperu.com\/web\/wp-content\/uploads\/2025\/08\/GC_SECUNDARIO_BLANCO_FONDO_TRANSPARENTE-1-2.svg","width":194,"height":84,"caption":"GC"},"image":{"@id":"https:\/\/gycperu.com\/web\/#\/schema\/logo\/image\/"}}]}},"_links":{"self":[{"href":"https:\/\/gycperu.com\/web\/wp-json\/wp\/v2\/pages\/984","targetHints":{"allow":["GET"]}}],"collection":[{"href":"https:\/\/gycperu.com\/web\/wp-json\/wp\/v2\/pages"}],"about":[{"href":"https:\/\/gycperu.com\/web\/wp-json\/wp\/v2\/types\/page"}],"author":[{"embeddable":true,"href":"https:\/\/gycperu.com\/web\/wp-json\/wp\/v2\/users\/1"}],"replies":[{"embeddable":true,"href":"https:\/\/gycperu.com\/web\/wp-json\/wp\/v2\/comments?post=984"}],"version-history":[{"count":15,"href":"https:\/\/gycperu.com\/web\/wp-json\/wp\/v2\/pages\/984\/revisions"}],"predecessor-version":[{"id":4395,"href":"https:\/\/gycperu.com\/web\/wp-json\/wp\/v2\/pages\/984\/revisions\/4395"}],"up":[{"embeddable":true,"href":"https:\/\/gycperu.com\/web\/wp-json\/wp\/v2\/pages\/17"}],"wp:attachment":[{"href":"https:\/\/gycperu.com\/web\/wp-json\/wp\/v2\/media?parent=984"}],"curies":[{"name":"wp","href":"https:\/\/api.w.org\/{rel}","templated":true}]}}